{"id":2,"date":"2020-10-07T16:16:21","date_gmt":"2020-10-07T13:16:21","guid":{"rendered":"http:\/\/proxima.nordname.net\/~ideareppu\/?page_id=2"},"modified":"2023-09-21T10:16:53","modified_gmt":"2023-09-21T07:16:53","slug":"esimerkkisivu","status":"publish","type":"page","link":"https:\/\/ideareppu.fi\/en\/","title":{"rendered":"Frontpage"},"content":{"rendered":"[et_pb_section fb_built=&#8221;1&#8243; fullwidth=&#8221;on&#8221; _builder_version=&#8221;4.18.0&#8243; _module_preset=&#8221;default&#8221; hover_enabled=&#8221;0&#8243; global_colors_info=&#8221;{}&#8221; disabled_on=&#8221;on|off|off&#8221; sticky_enabled=&#8221;0&#8243;][et_pb_fullwidth_slider use_text_overlay=&#8221;on&#8221; text_overlay_color=&#8221;#000000&#8243; _builder_version=&#8221;4.18.0&#8243; _module_preset=&#8221;default&#8221; body_font_size=&#8221;18px&#8221; body_line_height=&#8221;1.8em&#8221; custom_padding=&#8221;267px|||||&#8221; animation_style=&#8221;fade&#8221; animation_duration=&#8221;2050ms&#8221; auto=&#8221;on&#8221; auto_ignore_hover=&#8221;on&#8221; hover_enabled=&#8221;0&#8243; global_colors_info=&#8221;{}&#8221; sticky_enabled=&#8221;0&#8243;][et_pb_slide heading=&#8221;Ideareppu \u2013 repullinen ideoita toiminnallisen opetukseen&#8221; use_bg_overlay=&#8221;off&#8221; use_text_overlay=&#8221;on&#8221; text_overlay_color=&#8221;rgba(0,0,0,0.52)&#8221; _builder_version=&#8221;4.18.0&#8243; _module_preset=&#8221;default&#8221; background_image=&#8221;https:\/\/ideareppu.fi\/wp-content\/uploads\/2023\/07\/IMG-20200203-WA0004.jpg&#8221; background_enable_image=&#8221;on&#8221; hover_enabled=&#8221;0&#8243; header_font_size_tablet=&#8221;&#8221; header_font_size_phone=&#8221;16px&#8221; header_font_size_last_edited=&#8221;on|phone&#8221; body_font_size_tablet=&#8221;&#8221; body_font_size_phone=&#8221;12px&#8221; body_font_size_last_edited=&#8221;on|phone&#8221; global_colors_info=&#8221;{}&#8221; sticky_transition=&#8221;on&#8221; background_last_edited=&#8221;on|desktop&#8221; sticky_enabled=&#8221;0&#8243; background_size_phone=&#8221;cover&#8221; background_image_width_phone=&#8221;10%&#8221; background_image_height_phone=&#8221;10%&#8221;]<p><span style=\"font-size: 14pt;\"><\/span><\/p>\n<p><span style=\"font-size: 14pt;\">Annamme opettajille uusia ideoita toiminnallisen opetuksen kehitt\u00e4miseen tarinallisissa koulutuksissamme, webinaareissa ja digitaalisessa oppimisymp\u00e4rist\u00f6ss\u00e4.\u00a0<\/span><\/p>\n<p>Olemme huomanneet, ett\u00e4 k\u00e4yt\u00e4nn\u00f6nl\u00e4heisiss\u00e4 koulutuksissa opettajat saavat uutta energiaa opetusty\u00f6h\u00f6ns\u00e4.\u00a0 Koulutuksessa he pakkaavat \u201dkoulutusreppuunsa\u201d runsaasti ideoita, luovuutta ja halua toteuttaa toiminnallisuutta omassa opetuksessaan.<\/p>\n<p>Palautteiden mukaan opettajat kokevat koulutukset inspiroiviksi ja antoisiksi. Rennossa, positiivisessa ja kannustavassa ilmapiiriss\u00e4 on\u00a0 helppo osallistua monipuoliseen toimintaa ja samalla jakaa toisten opettajien kanssa kokemuksia ja ideoita. Monet muunteluvinkit auttavat erilaisten oppijoiden kanssa ty\u00f6skentelyss\u00e4. Digitaalinen materiaali sis\u00e4lt\u00e4\u00e4 lis\u00e4vinkkej\u00e4 opetukseen.<\/p>[\/et_pb_slide][et_pb_slide heading=&#8221;Ideareppu \u2013 repullinen ideoita toiminnallisen opetukseen&#8221; use_bg_overlay=&#8221;off&#8221; use_text_overlay=&#8221;on&#8221; text_overlay_color=&#8221;rgba(0,0,0,0.52)&#8221; _builder_version=&#8221;4.18.0&#8243; _module_preset=&#8221;default&#8221; background_color=&#8221;#cd071e&#8221; background_enable_color=&#8221;on&#8221; background_image=&#8221;https:\/\/ideareppu.fi\/wp-content\/uploads\/2023\/09\/Sammakkolammella-scaled.jpg&#8221; background_enable_image=&#8221;on&#8221; global_colors_info=&#8221;{}&#8221; sticky_transition=&#8221;on&#8221;]<p><span style=\"font-size: 14pt;\"><\/span><\/p>\n<p><span style=\"font-size: 14pt;\">Annamme opettajille uusia ideoita toiminnallisen opetuksen kehitt\u00e4miseen tarinallisissa koulutuksissamme, webinaareissa ja digitaalisessa oppimisymp\u00e4rist\u00f6ss\u00e4.\u00a0<\/span><\/p>\n<p>Olemme huomanneet, ett\u00e4 k\u00e4yt\u00e4nn\u00f6nl\u00e4heisiss\u00e4 koulutuksissa opettajat saavat uutta energiaa opetusty\u00f6h\u00f6ns\u00e4.\u00a0 Koulutuksessa he pakkaavat \u201dkoulutusreppuunsa\u201d runsaasti ideoita, luovuutta ja halua toteuttaa toiminnallisuutta omassa opetuksessaan.<\/p>\n<p>Palautteiden mukaan opettajat kokevat koulutukset inspiroiviksi ja antoisiksi. Rennossa, positiivisessa ja kannustavassa ilmapiiriss\u00e4 on\u00a0 helppo osallistua monipuoliseen toimintaa ja samalla jakaa toisten opettajien kanssa kokemuksia ja ideoita. Monet muunteluvinkit auttavat erilaisten oppijoiden kanssa ty\u00f6skentelyss\u00e4. Digitaalinen materiaali sis\u00e4lt\u00e4\u00e4 lis\u00e4vinkkej\u00e4 opetukseen.<\/p>[\/et_pb_slide][\/et_pb_fullwidth_slider][\/et_pb_section][et_pb_section fb_built=&#8221;1&#8243; theme_builder_area=&#8221;post_content&#8221; _builder_version=&#8221;4.18.0&#8243; _module_preset=&#8221;default&#8221; custom_padding=&#8221;||0px|||&#8221; custom_margin=&#8221;-7px|||||&#8221;][et_pb_row _builder_version=&#8221;4.18.0&#8243; _module_preset=&#8221;default&#8221; theme_builder_area=&#8221;post_content&#8221; custom_padding=&#8221;0px|||||&#8221; custom_margin=&#8221;-48px|auto||auto||&#8221;][et_pb_column _builder_version=&#8221;4.18.0&#8243; _module_preset=&#8221;default&#8221; type=&#8221;4_4&#8243; theme_builder_area=&#8221;post_content&#8221;][et_pb_image src=&#8221;https:\/\/ideareppu.fi\/wp-content\/uploads\/2023\/07\/IMG-20200203-WA0004.jpg&#8221; _builder_version=&#8221;4.18.0&#8243; _module_preset=&#8221;default&#8221; theme_builder_area=&#8221;post_content&#8221; title_text=&#8221;IMG-20200203-WA0004&#8243; hover_enabled=&#8221;0&#8243; sticky_enabled=&#8221;0&#8243;][\/et_pb_image][et_pb_text _builder_version=&#8221;4.18.0&#8243; _module_preset=&#8221;default&#8221; theme_builder_area=&#8221;post_content&#8221; disabled_on=&#8221;off|on|on&#8221; hover_enabled=&#8221;0&#8243; sticky_enabled=&#8221;0&#8243;]<h1 style=\"text-align: center;\"><span style=\"font-size: 14pt;\">Ideareppu &#8211; repullinen ideoita toiminnalliseen opetukseen<\/span><\/h1>\n<p style=\"text-align: center;\">Annamme opettajille uusia ideoita toiminnallisen opetuksen kehitt\u00e4miseen tarinallisissa koulutuksissamme, webinaareissa ja digitaalisessa oppimisymp\u00e4rist\u00f6ss\u00e4.<br \/>Olemme huomanneet, ett\u00e4 k\u00e4yt\u00e4nn\u00f6nl\u00e4heisiss\u00e4 koulutuksissa opettajat saavat uutta energiaa opetusty\u00f6h\u00f6ns\u00e4.\u00a0 Koulutuksessa he pakkaavat \u201dkoulutusreppuunsa\u201d runsaasti ideoita, luovuutta ja halua toteuttaa toiminnallisuutta omassa opetuksessaan.<\/p>\n<p style=\"text-align: center;\">Palautteiden mukaan opettajat kokevat koulutukset inspiroiviksi ja antoisiksi. Rennossa, positiivisessa ja kannustavassa ilmapiiriss\u00e4 on\u00a0 helppo osallistua monipuoliseen toimintaa ja samalla jakaa toisten opettajien kanssa kokemuksia ja ideoita. Monet muunteluvinkit auttavat erilaisten oppijoiden kanssa ty\u00f6skentelyss\u00e4. Digitaalinen materiaali sis\u00e4lt\u00e4\u00e4 lis\u00e4vinkkej\u00e4 opetukseen.<\/p>[\/et_pb_text][\/et_pb_column][\/et_pb_row][\/et_pb_section][et_pb_section fb_built=&#8221;1&#8243; admin_label=&#8221;section&#8221; _builder_version=&#8221;4.18.0&#8243; background_enable_video_mp4=&#8221;off&#8221; global_colors_info=&#8221;{}&#8221; custom_padding=&#8221;0px|||||&#8221;][et_pb_row column_structure=&#8221;1_2,1_2&#8243; admin_label=&#8221;row&#8221; _builder_version=&#8221;4.18.0&#8243; background_size=&#8221;initial&#8221; background_position=&#8221;top_left&#8221; background_repeat=&#8221;repeat&#8221; custom_padding=&#8221;13px|||||&#8221; global_colors_info=&#8221;{}&#8221;][et_pb_column type=&#8221;1_2&#8243; _builder_version=&#8221;4.16&#8243; custom_padding=&#8221;|||&#8221; global_colors_info=&#8221;{}&#8221; custom_padding__hover=&#8221;|||&#8221;][et_pb_text admin_label=&#8221;Text&#8221; _builder_version=&#8221;4.18.0&#8243; text_font_size=&#8221;20px&#8221; background_size=&#8221;initial&#8221; background_position=&#8221;top_left&#8221; background_repeat=&#8221;repeat&#8221; global_colors_info=&#8221;{}&#8221;]<p><\/p>\n<p>Tule seuraamaan toimintaamme ja ideoitamme sosiaaliseen mediaan:<\/p>\n<ul>\n<li>Facebook <a href=\"https:\/\/www.facebook.com\/finnishactivelearning\/\">Ideareppu<\/a><\/li>\n<li>LinkedIn,<br \/>Idearepun opettajat <a href=\"https:\/\/fi.linkedin.com\/in\/teija-kauppi-489a491b9\">Teija Kauppi<\/a><br \/>ja <a href=\"https:\/\/fi.linkedin.com\/in\/eija-leskinen-377a31225?trk=people-guest_people_search-card\">Eija Leskinen<\/a><\/li>\n<li>LinkedIn, <a href=\"https:\/\/www.linkedin.com\/company\/77150542\/admin\/\">Ideareppu \/ Finnish Active Learning<\/a><\/li>\n<li>Instagram <a href=\"https:\/\/www.instagram.com\/ideareppu\/?hl=fi\">Ideareppu<\/a><\/li>\n<\/ul>\n<p><\/p>[\/et_pb_text][\/et_pb_column][et_pb_column type=&#8221;1_2&#8243; _builder_version=&#8221;4.16&#8243; custom_padding=&#8221;|||&#8221; global_colors_info=&#8221;{}&#8221; custom_padding__hover=&#8221;|||&#8221;][et_pb_video src=&#8221;https:\/\/www.youtube.com\/watch?v=vA8RjY8bBK0&#8243; _builder_version=&#8221;4.18.0&#8243; _module_preset=&#8221;default&#8221; global_colors_info=&#8221;{}&#8221;][\/et_pb_video][et_pb_text _builder_version=&#8221;4.18.0&#8243; _module_preset=&#8221;default&#8221; text_font_size=&#8221;20px&#8221; global_colors_info=&#8221;{}&#8221;]<p>Videolla on maistiaisia erilaisista toiminnallisista ideoista, joita toteutamme oppilaidemme kanssa.\u00a0<\/p>[\/et_pb_text][\/et_pb_column][\/et_pb_row][\/et_pb_section]","protected":false},"excerpt":{"rendered":"<p>Annamme opettajille uusia ideoita toiminnallisen opetuksen kehitt\u00e4miseen tarinallisissa koulutuksissamme, webinaareissa ja digitaalisessa oppimisymp\u00e4rist\u00f6ss\u00e4.\u00a0 Olemme huomanneet, ett\u00e4 k\u00e4yt\u00e4nn\u00f6nl\u00e4heisiss\u00e4 koulutuksissa opettajat saavat uutta energiaa opetusty\u00f6h\u00f6ns\u00e4.\u00a0 Koulutuksessa he pakkaavat \u201dkoulutusreppuunsa\u201d runsaasti ideoita, luovuutta ja halua toteuttaa toiminnallisuutta omassa opetuksessaan. Palautteiden mukaan opettajat kokevat koulutukset inspiroiviksi ja antoisiksi. Rennossa, positiivisessa ja kannustavassa ilmapiiriss\u00e4 on\u00a0 helppo osallistua monipuoliseen toimintaa ja [&hellip;]<\/p>\n","protected":false},"author":1,"featured_media":0,"parent":0,"menu_order":0,"comment_status":"closed","ping_status":"open","template":"","meta":{"_et_pb_use_builder":"on","_et_pb_old_content":"<h2 style=\"text-align: center;\"><strong>Ideareppu - repullinen ideoita toiminnallisen opetukseen<\/strong><\/h2>\r\n<p><span style=\"font-size: 14pt;\">Annamme opettajille uusia ideoita toiminnallisen opetuksen kehitt\u00e4miseen tarinallisissa koulutuksissamme, webinaareissa ja digitaalisessa oppimisymp\u00e4rist\u00f6ss\u00e4.\u00a0<\/span><\/p>\r\n<p>Olemme huomanneet, ett\u00e4 k\u00e4yt\u00e4nn\u00f6nl\u00e4heisiss\u00e4 koulutuksissa opettajat saavat uutta energiaa opetusty\u00f6h\u00f6ns\u00e4.\u00a0 Koulutuksessa he pakkaavat \"koulutusreppuunsa\" runsaasti ideoita, luovuutta ja halua toteuttaa toiminnallisuutta omassa opetuksessaan. Palautteiden mukaan opettajat kokevat koulutukset inspiroiviksi ja antoisiksi. Rennossa, positiivisessa ja kannustavassa ilmapiiriss\u00e4 on\u00a0 helppo osallistua monipuoliseen toimintaa ja samalla jakaa toisten opettajien kanssa kokemuksia ja ideoita. Monet muunteluvinkit auttavat erilaisten oppijoiden kanssa ty\u00f6skentelyss\u00e4. My\u00f6s me kouluttajat nautimme opettajien kanssa yhdess\u00e4 toimimisesta! Digitaalinen materiaali antaa lis\u00e4vinkkej\u00e4 opetukseen.<\/p>\r\n<p><img class=\"alignnone size-large wp-image-434 aligncenter\" src=\"https:\/\/ideareppu.fi\/wp-content\/uploads\/2022\/05\/Toiminnallinen-oppiminen-Fill-the-Plate-Ideareppu-1024x473.jpg\" alt=\"\" width=\"1024\" height=\"473\" \/><\/p>\r\n<p>\u00a0 \u00a0 \u00a0 \u00a0 \u00a0 \u00a0 \u00a0 \u00a0 \u00a0 \u00a0 \u00a0 \u00a0 \u00a0 \u00a0 \u00a0 \u00a0 \u00a0 \u00a0 \u00a0 \u00a0 \u00a0<em> \u00a0 \u00a0 Tuokiokuva Welcome to London! -tarinallisesta koulutuksesta\u00a0<\/em><\/p>\r\n<p>&nbsp;<\/p>\r\n<p>Videolla on maistiaisia erilaisista toiminnallisista ideoista, joita toteutamme oppilaidemme kanssa. Teemme oppilaiden kanssa joka viikko toiminnallisia teht\u00e4vi\u00e4. My\u00f6s oppilaat toivovat niit\u00e4 ja keksiv\u00e4t itsekin erilaisia harjoitusten toteutustapoja.\u00a0<\/p>\r\n<p>[embed]https:\/\/www.youtube.com\/watch?v=vA8RjY8bBK0[\/embed]<\/p>\r\n<!-- wp:paragraph -->\r\n<h5>P\u00c4IVIT\u00c4MME SIVUJAMME. K\u00c4Y MY\u00d6S MY\u00d6HEMMIN TUTUSTUMASSA MY\u00d6S P\u00c4IVITETTYIHIN SIVUIHIN, VOIT L\u00d6YT\u00c4\u00c4 UUTTA TUTKAILTAVAA.<\/h5>\r\n<p>Ota yhteytt\u00e4 ja jutellaan koulutuksistamme!\u00a0<br \/>info@ideareppu.fi<\/p>\r\n<p>Tule seuraamaan toimintaamme ja ideoitamme sosiaaliseen mediaan:<\/p>\r\n<ul>\r\n<li>Facebook <a href=\"https:\/\/www.facebook.com\/finnishactivelearning\/\">Ideareppu<\/a><\/li>\r\n<li>LinkedIn, <br \/>Idearepun opettajat <a href=\"https:\/\/fi.linkedin.com\/in\/teija-kauppi-489a491b9\">Teija Kauppi<\/a><br \/>ja <a href=\"https:\/\/fi.linkedin.com\/in\/eija-leskinen-377a31225?trk=people-guest_people_search-card\">Eija Leskinen<\/a>\u00a0<\/li>\r\n<li>LinkedIn, <a href=\"https:\/\/www.linkedin.com\/company\/77150542\/admin\/\">Ideareppu \/ Finnish Active Learning<\/a><\/li>\r\n<li>Instagram <a href=\"https:\/\/www.instagram.com\/ideareppu\/?hl=fi\">Ideareppu<\/a><\/li>\r\n<\/ul>\r\n<!-- \/wp:paragraph -->\r\n<p>&nbsp;<\/p>","_et_gb_content_width":"","footnotes":""},"_links":{"self":[{"href":"https:\/\/ideareppu.fi\/en\/wp-json\/wp\/v2\/pages\/2"}],"collection":[{"href":"https:\/\/ideareppu.fi\/en\/wp-json\/wp\/v2\/pages"}],"about":[{"href":"https:\/\/ideareppu.fi\/en\/wp-json\/wp\/v2\/types\/page"}],"author":[{"embeddable":true,"href":"https:\/\/ideareppu.fi\/en\/wp-json\/wp\/v2\/users\/1"}],"replies":[{"embeddable":true,"href":"https:\/\/ideareppu.fi\/en\/wp-json\/wp\/v2\/comments?post=2"}],"version-history":[{"count":66,"href":"https:\/\/ideareppu.fi\/en\/wp-json\/wp\/v2\/pages\/2\/revisions"}],"predecessor-version":[{"id":659,"href":"https:\/\/ideareppu.fi\/en\/wp-json\/wp\/v2\/pages\/2\/revisions\/659"}],"wp:attachment":[{"href":"https:\/\/ideareppu.fi\/en\/wp-json\/wp\/v2\/media?parent=2"}],"curies":[{"name":"wp","href":"https:\/\/api.w.org\/{rel}","templated":true}]}}