{"id":24,"date":"2020-10-07T16:57:43","date_gmt":"2020-10-07T13:57:43","guid":{"rendered":"http:\/\/proxima.nordname.net\/~ideareppu\/?page_id=24"},"modified":"2023-07-02T16:24:27","modified_gmt":"2023-07-02T13:24:27","slug":"esittely","status":"publish","type":"page","link":"https:\/\/ideareppu.fi\/en\/esittely\/","title":{"rendered":"Introduction"},"content":{"rendered":"<p>[et_pb_section fb_built=&#8221;1&#8243; admin_label=&#8221;section&#8221; _builder_version=&#8221;4.16&#8243; global_colors_info=&#8221;{}&#8221;][et_pb_row _builder_version=&#8221;4.18.0&#8243; _module_preset=&#8221;default&#8221; global_colors_info=&#8221;{}&#8221;][et_pb_column type=&#8221;4_4&#8243; _builder_version=&#8221;4.18.0&#8243; _module_preset=&#8221;default&#8221; global_colors_info=&#8221;{}&#8221;][et_pb_text _builder_version=&#8221;4.18.0&#8243; _module_preset=&#8221;default&#8221; global_colors_info=&#8221;{}&#8221;]<\/p>\n<h1 style=\"text-align: center;\">Esittely<\/h1>\n<p>[\/et_pb_text][\/et_pb_column][\/et_pb_row][et_pb_row column_structure=&#8221;1_2,1_2&#8243; _builder_version=&#8221;4.18.0&#8243; _module_preset=&#8221;default&#8221; global_colors_info=&#8221;{}&#8221;][et_pb_column type=&#8221;1_2&#8243; _builder_version=&#8221;4.18.0&#8243; _module_preset=&#8221;default&#8221; global_colors_info=&#8221;{}&#8221;][et_pb_text _builder_version=&#8221;4.18.0&#8243; _module_preset=&#8221;default&#8221; global_colors_info=&#8221;{}&#8221;]<div style=\"width: 1080px;\" class=\"wp-video\"><!--[if lt IE 9]><script>document.createElement('video');<\/script><![endif]-->\n<video class=\"wp-video-shortcode\" id=\"video-24-1\" width=\"1080\" height=\"608\" preload=\"metadata\" controls=\"controls\"><source type=\"video\/mp4\" src=\"https:\/\/ideareppu.fi\/wp-content\/uploads\/2020\/10\/20190927_082306.mp4?_=1\" \/><a href=\"https:\/\/ideareppu.fi\/wp-content\/uploads\/2020\/10\/20190927_082306.mp4\">https:\/\/ideareppu.fi\/wp-content\/uploads\/2020\/10\/20190927_082306.mp4<\/a><\/video><\/div><\/p>\n<p>&nbsp;<\/p>\n<p>Idearepun luokanopettajat Teija Kauppi ja Eija Leskinen auttavat kollegoja jakamalla innostavia toiminnallisen opetuksen vinkkej\u00e4 <strong>koulutustilaisuuksissaan<\/strong>. Tarinallisten koulutusten j\u00e4lkeen opettaja voi palata ty\u00f6h\u00f6n sel\u00e4ss\u00e4\u00e4n ihan oikea <strong>Ideareppu,<\/strong> joka sis\u00e4lt\u00e4\u00e4 koulutukseen liittyv\u00e4t toimintaohjeet ja v\u00e4lineet. Kun repun avaa luokassa, toiminta voi alkaa!<\/p>\n<p>Lis\u00e4\u00e4 oppilaita motivoivia vinkkej\u00e4 kootaan <strong>s\u00e4hk\u00f6iseen Ideareppu-materiaaliin. <\/strong><\/p>\n<p>Vaikka materiaalit ovat kursseja, esikoulun- ja luokanopettajat voivat vain koota niist\u00e4 <strong>vinkkej\u00e4 toiminnallisen opetuksen<\/strong> <strong>suunnittelun ja toteuttamisen tueksi<\/strong>. Ideat ovat sovellettavissa kaikille luokka-asteille ja my\u00f6s muihin oppiaineisiin. Ideareppuun kuuluvat my\u00f6s my\u00f6hemmin julkaistavat Ympp\u00e4reppu, Teemareppu ja Open reppu. My\u00f6s ne t\u00e4yttyv\u00e4t v\u00e4hitellen.[\/et_pb_text][\/et_pb_column][et_pb_column type=&#8221;1_2&#8243; _builder_version=&#8221;4.18.0&#8243; _module_preset=&#8221;default&#8221; global_colors_info=&#8221;{}&#8221;][et_pb_text _builder_version=&#8221;4.18.0&#8243; _module_preset=&#8221;default&#8221; global_colors_info=&#8221;{}&#8221;]&nbsp;<\/p>\n<div style=\"width: 1080px;\" class=\"wp-video\"><video class=\"wp-video-shortcode\" id=\"video-24-2\" width=\"1080\" height=\"608\" preload=\"metadata\" controls=\"controls\"><source type=\"video\/mp4\" src=\"https:\/\/ideareppu.fi\/wp-content\/uploads\/2021\/08\/Idearepun-esittelya.mp4?_=2\" \/><a href=\"https:\/\/ideareppu.fi\/wp-content\/uploads\/2021\/08\/Idearepun-esittelya.mp4\">https:\/\/ideareppu.fi\/wp-content\/uploads\/2021\/08\/Idearepun-esittelya.mp4<\/a><\/video><\/div>\n<p>&nbsp;<\/p>\n<p>Ilmainen\u00a0<a href=\"https:\/\/www.mobieacademy.fi\/tuote\/matikkareppu-kertolaskuja-kurssi-1\/\" target=\"_blank\" rel=\"noopener noreferrer\">N\u00e4yteluku<\/a> liittyy Kertolaskuja 1 -kurssiin. Nelj\u00e4ss\u00e4 teht\u00e4v\u00e4ss\u00e4 tulee esille muutama keskeinen Idearepun toiminta-ajatus:<\/p>\n<ul>\n<li>Vaihtelevat oppimisymp\u00e4rist\u00f6t<\/li>\n<li>Koulusta l\u00f6ytyv\u00e4t monipuoliset v\u00e4lineet ja materiaalit<\/li>\n<li>Muunneltavat toimintaideat<\/li>\n<li>Oppilaiden yhteisty\u00f6<\/li>\n<li>Oppimisen ilo<\/li>\n<\/ul>\n<p>Idearepun kursseja julkaistaan v\u00e4hitellen my\u00f6s englanniksi. Voit tutustua englanninkielisiin kursseihin verkkosivuilla<br \/>\n<a href=\"https:\/\/finnishactivelearning.com\/\">https:\/\/finnishactivelearning.com\/<\/a>[\/et_pb_text][\/et_pb_column][\/et_pb_row][et_pb_row admin_label=&#8221;row&#8221; _builder_version=&#8221;4.16&#8243; background_size=&#8221;initial&#8221; background_position=&#8221;top_left&#8221; background_repeat=&#8221;repeat&#8221; global_colors_info=&#8221;{}&#8221;][et_pb_column type=&#8221;4_4&#8243; _builder_version=&#8221;4.16&#8243; custom_padding=&#8221;|||&#8221; global_colors_info=&#8221;{}&#8221; custom_padding__hover=&#8221;|||&#8221;][et_pb_text admin_label=&#8221;Text&#8221; _builder_version=&#8221;4.18.0&#8243; background_size=&#8221;initial&#8221; background_position=&#8221;top_left&#8221; background_repeat=&#8221;repeat&#8221; global_colors_info=&#8221;{}&#8221;]<\/p>\n<p><strong>Mobie Academy<\/strong><\/p>\n<p>Idearepun kurssivalikoima avautuu ja t\u00e4ydentyy v\u00e4hitellen. Verkkokaupasta voi ostaa yksitt\u00e4isi\u00e4 kursseja. Kursseista kootaan my\u00f6s esimerkiksi kouluille sopivia vinkkipaketteja, jotka sis\u00e4lt\u00e4v\u00e4t useamman kurssin. Myynniss\u00e4 on esimerkiksi Idearepun vinkkipaketti 1, joka sis\u00e4lt\u00e4\u00e4 seitsem\u00e4n ensimm\u00e4ist\u00e4 kurssia. Kursseilla on per\u00e4ti vuoden lisenssi.<\/p>\n<p><strong>Kursseja voi ostaa Mobie Academyn verkkokaupasta<\/strong>. Mobie Academy on t\u00e4ysin uudenlainen s\u00e4hk\u00f6isten oppi- ja koulutusmateriaalien tuotanto- ja jakelualusta, globaali verkkokauppa sek\u00e4 monipuolinen oppilaitosten, opettajien, kouluttajien ja opiskelijoiden oppimisymp\u00e4rist\u00f6. Kurssimateriaalit toimivat ajasta ja paikasta riippumatta <strong>kaikilla laitteilla<\/strong>, \u00e4lypuhelimista, tablet-laitteisiin ja tietokoneisiin. Voit lukea aiheesta lis\u00e4\u00e4 linkist\u00e4<\/p>\n<p><a href=\"https:\/\/www.mobieacademy.fi\/kauppa\/\"><img loading=\"lazy\" decoding=\"async\" class=\"alignnone size-full wp-image-174\" src=\"https:\/\/ideareppu.fi\/wp-content\/uploads\/2020\/10\/Mobie-Academy-buttoni-300x59-1.jpg\" alt=\"\" width=\"300\" height=\"59\" \/><\/a><\/p>\n<h3>Tervetuloa toiminnallisen oppimisen maailmaan! Reppu selk\u00e4\u00e4n ja menoksi!<\/h3>\n<p>Voit kysy\u00e4 lis\u00e4tietoja s\u00e4hk\u00f6postitse <a href=\"mailto:info@ideareppu.fi\">info@ideareppu.fi<\/a><\/p>\n<p>&nbsp;<\/p>\n<p>[\/et_pb_text][\/et_pb_column][\/et_pb_row][\/et_pb_section]<\/p>\n","protected":false},"excerpt":{"rendered":"<p>Esittely<div style=\"width: 1080px;\" class=\"wp-video\"><video class=\"wp-video-shortcode\" id=\"video-24-3\" width=\"1080\" height=\"608\" preload=\"metadata\" controls=\"controls\"><source type=\"video\/mp4\" src=\"https:\/\/ideareppu.fi\/wp-content\/uploads\/2020\/10\/20190927_082306.mp4?_=3\" \/><a href=\"https:\/\/ideareppu.fi\/wp-content\/uploads\/2020\/10\/20190927_082306.mp4\">https:\/\/ideareppu.fi\/wp-content\/uploads\/2020\/10\/20190927_082306.mp4<\/a><\/video><\/div> &nbsp; Idearepun luokanopettajat Teija Kauppi ja Eija Leskinen auttavat kollegoja jakamalla innostavia toiminnallisen opetuksen vinkkej\u00e4 koulutustilaisuuksissaan. Tarinallisten koulutusten j\u00e4lkeen opettaja voi palata ty\u00f6h\u00f6n sel\u00e4ss\u00e4\u00e4n ihan oikea Ideareppu, joka sis\u00e4lt\u00e4\u00e4 koulutukseen liittyv\u00e4t toimintaohjeet ja v\u00e4lineet. Kun repun avaa luokassa, toiminta voi alkaa! Lis\u00e4\u00e4 oppilaita motivoivia vinkkej\u00e4 kootaan s\u00e4hk\u00f6iseen Ideareppu-materiaaliin. Vaikka materiaalit ovat [&hellip;]<\/p>\n","protected":false},"author":1,"featured_media":0,"parent":0,"menu_order":0,"comment_status":"closed","ping_status":"closed","template":"","meta":{"_et_pb_use_builder":"on","_et_pb_old_content":"[video width=\"1920\" height=\"1080\" mp4=\"https:\/\/ideareppu.fi\/wp-content\/uploads\/2020\/10\/20190927_082306.mp4\"][\/video]\r\n\r\n\u00a0\r\n\r\nIdearepun luokanopettajat Teija Kauppi ja Eija Leskinen auttavat kollegoja jakamalla innostavia toiminnallisen opetuksen vinkkej\u00e4 <strong>koulutustilaisuuksissaan<\/strong>. Tarinallisten koulutusten j\u00e4lkeen opettaja voi palata ty\u00f6h\u00f6n sel\u00e4ss\u00e4\u00e4n ihan oikea <strong>Ideareppu,<\/strong> joka sis\u00e4lt\u00e4\u00e4 koulutukseen liittyv\u00e4t toimintaohjeet ja v\u00e4lineet. Kun repun avaa luokassa, toiminta voi alkaa!\r\n\r\nLis\u00e4\u00e4 oppilaita motivoivia vinkkej\u00e4 kootaan <strong>s\u00e4hk\u00f6iseen Ideareppu-materiaaliin. <\/strong>\r\n\r\nVaikka materiaalit ovat kursseja, esikoulun- ja luokanopettajat voivat vain koota niist\u00e4 <strong>vinkkej\u00e4 toiminnallisen opetuksen<\/strong> <strong>suunnittelun ja toteuttamisen tueksi<\/strong>. Ideat ovat sovellettavissa kaikille luokka-asteille ja my\u00f6s muihin oppiaineisiin. Ideareppuun kuuluvat my\u00f6s my\u00f6hemmin julkaistavat Ympp\u00e4reppu, Teemareppu ja Open reppu. My\u00f6s ne t\u00e4yttyv\u00e4t v\u00e4hitellen.\r\n\r\n\u00a0\r\n\r\n[video width=\"1920\" height=\"1080\" mp4=\"https:\/\/ideareppu.fi\/wp-content\/uploads\/2021\/08\/Idearepun-esittelya.mp4\"][\/video]\r\n\r\n\u00a0\r\n\r\nIlmainen\u00a0<a href=\"https:\/\/www.mobieacademy.fi\/tuote\/matikkareppu-kertolaskuja-kurssi-1\/\" target=\"_blank\" rel=\"noopener noreferrer\">N\u00e4yteluku<\/a> liittyy Kertolaskuja 1 -kurssiin. Nelj\u00e4ss\u00e4 teht\u00e4v\u00e4ss\u00e4 tulee esille muutama keskeinen Idearepun toiminta-ajatus:\r\n<ul>\r\n \t<li>Vaihtelevat oppimisymp\u00e4rist\u00f6t<\/li>\r\n \t<li>Koulusta l\u00f6ytyv\u00e4t monipuoliset v\u00e4lineet ja materiaalit<\/li>\r\n \t<li>Muunneltavat toimintaideat<\/li>\r\n \t<li>Oppilaiden yhteisty\u00f6<\/li>\r\n \t<li>Oppimisen ilo<\/li>\r\n<\/ul>\r\nIdearepun kursseja julkaistaan v\u00e4hitellen my\u00f6s englanniksi. Voit tutustua englanninkielisiin kursseihin verkkosivuilla\r\n<a href=\"https:\/\/finnishactivelearning.com\/\">https:\/\/finnishactivelearning.com\/<\/a>\r\n\r\n<strong>Mobie Academy<\/strong>\r\n\r\nIdearepun kurssivalikoima avautuu ja t\u00e4ydentyy v\u00e4hitellen. Verkkokaupasta voi ostaa yksitt\u00e4isi\u00e4 kursseja. Kursseista kootaan my\u00f6s esimerkiksi kouluille sopivia vinkkipaketteja, jotka sis\u00e4lt\u00e4v\u00e4t useamman kurssin. Myynniss\u00e4 on esimerkiksi Idearepun vinkkipaketti 1, joka sis\u00e4lt\u00e4\u00e4 seitsem\u00e4n ensimm\u00e4ist\u00e4 kurssia. Kursseilla on per\u00e4ti vuoden lisenssi.\r\n\r\n<strong>Kursseja voi ostaa Mobie Academyn verkkokaupasta<\/strong>. Mobie Academy on t\u00e4ysin uudenlainen s\u00e4hk\u00f6isten oppi- ja koulutusmateriaalien tuotanto- ja jakelualusta, globaali verkkokauppa sek\u00e4 monipuolinen oppilaitosten, opettajien, kouluttajien ja opiskelijoiden oppimisymp\u00e4rist\u00f6. Kurssimateriaalit toimivat ajasta ja paikasta riippumatta <strong>kaikilla laitteilla<\/strong>, \u00e4lypuhelimista, tablet-laitteisiin ja tietokoneisiin. Voit lukea aiheesta lis\u00e4\u00e4 linkist\u00e4\r\n\r\n<a href=\"https:\/\/www.mobieacademy.fi\/kauppa\/\"><img class=\"alignnone size-full wp-image-174\" src=\"https:\/\/ideareppu.fi\/wp-content\/uploads\/2020\/10\/Mobie-Academy-buttoni-300x59-1.jpg\" alt=\"\" width=\"300\" height=\"59\" \/><\/a>\r\n<h3>Tervetuloa toiminnallisen oppimisen maailmaan! Reppu selk\u00e4\u00e4n ja menoksi!<\/h3>\r\nVoit kysy\u00e4 lis\u00e4tietoja s\u00e4hk\u00f6postitse <a href=\"mailto:info@ideareppu.fi\">info@ideareppu.fi<\/a>\r\n\r\n\u00a0","_et_gb_content_width":"","footnotes":""},"_links":{"self":[{"href":"https:\/\/ideareppu.fi\/en\/wp-json\/wp\/v2\/pages\/24"}],"collection":[{"href":"https:\/\/ideareppu.fi\/en\/wp-json\/wp\/v2\/pages"}],"about":[{"href":"https:\/\/ideareppu.fi\/en\/wp-json\/wp\/v2\/types\/page"}],"author":[{"embeddable":true,"href":"https:\/\/ideareppu.fi\/en\/wp-json\/wp\/v2\/users\/1"}],"replies":[{"embeddable":true,"href":"https:\/\/ideareppu.fi\/en\/wp-json\/wp\/v2\/comments?post=24"}],"version-history":[{"count":19,"href":"https:\/\/ideareppu.fi\/en\/wp-json\/wp\/v2\/pages\/24\/revisions"}],"predecessor-version":[{"id":566,"href":"https:\/\/ideareppu.fi\/en\/wp-json\/wp\/v2\/pages\/24\/revisions\/566"}],"wp:attachment":[{"href":"https:\/\/ideareppu.fi\/en\/wp-json\/wp\/v2\/media?parent=24"}],"curies":[{"name":"wp","href":"https:\/\/api.w.org\/{rel}","templated":true}]}}