{"id":314,"date":"2022-04-17T19:53:03","date_gmt":"2022-04-17T16:53:03","guid":{"rendered":"https:\/\/ideareppu.fi\/?page_id=314"},"modified":"2023-06-29T13:34:38","modified_gmt":"2023-06-29T10:34:38","slug":"toiminnallinen-oppiminen","status":"publish","type":"page","link":"https:\/\/ideareppu.fi\/en\/toiminnallinen-oppiminen\/","title":{"rendered":"Toiminnallinen oppiminen"},"content":{"rendered":"<p>[et_pb_section fb_built=&#8221;1&#8243; admin_label=&#8221;section&#8221; _builder_version=&#8221;4.16&#8243; global_colors_info=&#8221;{}&#8221;][et_pb_row _builder_version=&#8221;4.18.0&#8243; _module_preset=&#8221;default&#8221;][et_pb_column _builder_version=&#8221;4.18.0&#8243; _module_preset=&#8221;default&#8221; type=&#8221;4_4&#8243;][et_pb_text _builder_version=&#8221;4.18.0&#8243; _module_preset=&#8221;default&#8221; hover_enabled=&#8221;0&#8243; sticky_enabled=&#8221;0&#8243;]<\/p>\n<h1 style=\"text-align: center;\">Toiminnallinen oppiminen<\/h1>\n<p>[\/et_pb_text][\/et_pb_column][\/et_pb_row][et_pb_row admin_label=&#8221;row&#8221; _builder_version=&#8221;4.16&#8243; background_size=&#8221;initial&#8221; background_position=&#8221;top_left&#8221; background_repeat=&#8221;repeat&#8221; global_colors_info=&#8221;{}&#8221;][et_pb_column type=&#8221;4_4&#8243; _builder_version=&#8221;4.16&#8243; custom_padding=&#8221;|||&#8221; global_colors_info=&#8221;{}&#8221; custom_padding__hover=&#8221;|||&#8221;][et_pb_text admin_label=&#8221;Text&#8221; _builder_version=&#8221;4.16&#8243; background_size=&#8221;initial&#8221; background_position=&#8221;top_left&#8221; background_repeat=&#8221;repeat&#8221; global_colors_info=&#8221;{}&#8221;]Jokainen p\u00e4iv\u00e4 ei ole samanlainen. Oppimiseen vaikuttaa monet tekij\u00e4t, jotka olisi hyv\u00e4 tiedostaa.<\/p>\n<p><img loading=\"lazy\" decoding=\"async\" class=\"alignnone size-large wp-image-436\" src=\"https:\/\/ideareppu.fi\/wp-content\/uploads\/2022\/05\/Toiminnallinen-oppiminen-ja-oppimiseen-vaikuttavat-tekijat-Ideareppu-1024x580.jpg\" alt=\"\" width=\"1024\" height=\"580\" srcset=\"https:\/\/ideareppu.fi\/wp-content\/uploads\/2022\/05\/Toiminnallinen-oppiminen-ja-oppimiseen-vaikuttavat-tekijat-Ideareppu-1024x580.jpg 1024w, https:\/\/ideareppu.fi\/wp-content\/uploads\/2022\/05\/Toiminnallinen-oppiminen-ja-oppimiseen-vaikuttavat-tekijat-Ideareppu-300x170.jpg 300w, https:\/\/ideareppu.fi\/wp-content\/uploads\/2022\/05\/Toiminnallinen-oppiminen-ja-oppimiseen-vaikuttavat-tekijat-Ideareppu-768x435.jpg 768w, https:\/\/ideareppu.fi\/wp-content\/uploads\/2022\/05\/Toiminnallinen-oppiminen-ja-oppimiseen-vaikuttavat-tekijat-Ideareppu-1536x869.jpg 1536w, https:\/\/ideareppu.fi\/wp-content\/uploads\/2022\/05\/Toiminnallinen-oppiminen-ja-oppimiseen-vaikuttavat-tekijat-Ideareppu-2048x1159.jpg 2048w\" sizes=\"(max-width: 1024px) 100vw, 1024px\" \/><\/p>\n<p>&nbsp;<\/p>\n<p>Oppilas voi oppia kuuntelemalla, lukemalla ja tekem\u00e4ll\u00e4. Paras keino oppia on se, kun k\u00e4ytet\u00e4\u00e4n kaikkia aistikanavia ja oppimistapoja. Toiminnallisessa opetuksessa n\u00e4in tehd\u00e4\u00e4n ja oppilas oppii kokonaisvaltaisesti kokeilemalla, tutkimalla ja analysoimalla. Oppilas saa liikkua, leikki\u00e4, pelata, tehd\u00e4 k\u00e4sill\u00e4\u00e4n. Pohdiskelu ja ongelmanratkaisu tukevat ajattelun kehittymist\u00e4. Tutkimusten mukaan my\u00f6s liikkuminen kehitt\u00e4\u00e4 aivoja.<\/p>\n<p>Toiminnallisessa oppimisessa oppilas on aktiivinen toimija. H\u00e4n toimii yhdess\u00e4 toisten kanssa. Oppilas voi osallistua eri tavoin toiminnan aikana, suunnittelusta ja toimintapaikan laittamisesta sen purkamiseen. Oppilas voi siis vaikuttaa oppimiseensa. Oppilas voi oppia erilaisia tietoja tai taitoja.\u00a0H\u00e4n oppii my\u00f6s arvioimaan omaa oppimistaan eri toimintavaiheissa. Mit\u00e4 h\u00e4n osasi tai tiesi ennen harjoittelua? Mit\u00e4 h\u00e4n oppi? Miten h\u00e4n voi hy\u00f6dynt\u00e4\u00e4 oppimaansa?<\/p>\n<p>&nbsp;<\/p>\n<p><img loading=\"lazy\" decoding=\"async\" class=\"aligncenter wp-image-410 \" src=\"https:\/\/ideareppu.fi\/wp-content\/uploads\/2022\/05\/toiminnallinen-oppiminen-hiekkalaatikolla-300x267.jpg\" alt=\"\" width=\"405\" height=\"360\" srcset=\"https:\/\/ideareppu.fi\/wp-content\/uploads\/2022\/05\/toiminnallinen-oppiminen-hiekkalaatikolla-300x267.jpg 300w, https:\/\/ideareppu.fi\/wp-content\/uploads\/2022\/05\/toiminnallinen-oppiminen-hiekkalaatikolla-1024x913.jpg 1024w, https:\/\/ideareppu.fi\/wp-content\/uploads\/2022\/05\/toiminnallinen-oppiminen-hiekkalaatikolla-768x685.jpg 768w, https:\/\/ideareppu.fi\/wp-content\/uploads\/2022\/05\/toiminnallinen-oppiminen-hiekkalaatikolla-1536x1369.jpg 1536w, https:\/\/ideareppu.fi\/wp-content\/uploads\/2022\/05\/toiminnallinen-oppiminen-hiekkalaatikolla.jpg 1749w\" sizes=\"(max-width: 405px) 100vw, 405px\" \/><\/p>\n<p>&nbsp;<\/p>\n<p>&nbsp;[\/et_pb_text][\/et_pb_column][\/et_pb_row][\/et_pb_section]<\/p>\n","protected":false},"excerpt":{"rendered":"<p>Toiminnallinen oppiminenJokainen p\u00e4iv\u00e4 ei ole samanlainen. Oppimiseen vaikuttaa monet tekij\u00e4t, jotka olisi hyv\u00e4 tiedostaa. &nbsp; Oppilas voi oppia kuuntelemalla, lukemalla ja tekem\u00e4ll\u00e4. Paras keino oppia on se, kun k\u00e4ytet\u00e4\u00e4n kaikkia aistikanavia ja oppimistapoja. Toiminnallisessa opetuksessa n\u00e4in tehd\u00e4\u00e4n ja oppilas oppii kokonaisvaltaisesti kokeilemalla, tutkimalla ja analysoimalla. Oppilas saa liikkua, leikki\u00e4, pelata, tehd\u00e4 k\u00e4sill\u00e4\u00e4n. Pohdiskelu ja ongelmanratkaisu [&hellip;]<\/p>\n","protected":false},"author":2,"featured_media":0,"parent":0,"menu_order":3,"comment_status":"closed","ping_status":"closed","template":"","meta":{"_et_pb_use_builder":"on","_et_pb_old_content":"Jokainen p\u00e4iv\u00e4 ei ole samanlainen. Oppimiseen vaikuttaa monet tekij\u00e4t, jotka olisi hyv\u00e4 tiedostaa.\r\n\r\n<img class=\"alignnone size-large wp-image-436\" src=\"https:\/\/ideareppu.fi\/wp-content\/uploads\/2022\/05\/Toiminnallinen-oppiminen-ja-oppimiseen-vaikuttavat-tekijat-Ideareppu-1024x580.jpg\" alt=\"\" width=\"1024\" height=\"580\" \/>\r\n\r\n&nbsp;\r\n\r\nOppilas voi oppia kuuntelemalla, lukemalla ja tekem\u00e4ll\u00e4. Paras keino oppia on se, kun k\u00e4ytet\u00e4\u00e4n kaikkia aistikanavia ja oppimistapoja. Toiminnallisessa opetuksessa n\u00e4in tehd\u00e4\u00e4n ja oppilas oppii kokonaisvaltaisesti kokeilemalla, tutkimalla ja analysoimalla. Oppilas saa liikkua, leikki\u00e4, pelata, tehd\u00e4 k\u00e4sill\u00e4\u00e4n. Pohdiskelu ja ongelmanratkaisu tukevat ajattelun kehittymist\u00e4. Tutkimusten mukaan my\u00f6s liikkuminen kehitt\u00e4\u00e4 aivoja.\r\n\r\nToiminnallisessa oppimisessa oppilas on aktiivinen toimija. H\u00e4n toimii yhdess\u00e4 toisten kanssa. Oppilas voi osallistua eri tavoin toiminnan aikana, suunnittelusta ja toimintapaikan laittamisesta sen purkamiseen. Oppilas voi siis vaikuttaa oppimiseensa. Oppilas voi oppia erilaisia tietoja tai taitoja.\u00a0H\u00e4n oppii my\u00f6s arvioimaan omaa oppimistaan eri toimintavaiheissa. Mit\u00e4 h\u00e4n osasi tai tiesi ennen harjoittelua? Mit\u00e4 h\u00e4n oppi? Miten h\u00e4n voi hy\u00f6dynt\u00e4\u00e4 oppimaansa?\r\n\r\n&nbsp;\r\n\r\n<img class=\"aligncenter wp-image-410 \" src=\"https:\/\/ideareppu.fi\/wp-content\/uploads\/2022\/05\/toiminnallinen-oppiminen-hiekkalaatikolla-300x267.jpg\" alt=\"\" width=\"405\" height=\"360\" \/>\r\n\r\n&nbsp;\r\n\r\n&nbsp;","_et_gb_content_width":"","footnotes":""},"_links":{"self":[{"href":"https:\/\/ideareppu.fi\/en\/wp-json\/wp\/v2\/pages\/314"}],"collection":[{"href":"https:\/\/ideareppu.fi\/en\/wp-json\/wp\/v2\/pages"}],"about":[{"href":"https:\/\/ideareppu.fi\/en\/wp-json\/wp\/v2\/types\/page"}],"author":[{"embeddable":true,"href":"https:\/\/ideareppu.fi\/en\/wp-json\/wp\/v2\/users\/2"}],"replies":[{"embeddable":true,"href":"https:\/\/ideareppu.fi\/en\/wp-json\/wp\/v2\/comments?post=314"}],"version-history":[{"count":10,"href":"https:\/\/ideareppu.fi\/en\/wp-json\/wp\/v2\/pages\/314\/revisions"}],"predecessor-version":[{"id":526,"href":"https:\/\/ideareppu.fi\/en\/wp-json\/wp\/v2\/pages\/314\/revisions\/526"}],"wp:attachment":[{"href":"https:\/\/ideareppu.fi\/en\/wp-json\/wp\/v2\/media?parent=314"}],"curies":[{"name":"wp","href":"https:\/\/api.w.org\/{rel}","templated":true}]}}