{"id":324,"date":"2022-04-28T17:07:21","date_gmt":"2022-04-28T14:07:21","guid":{"rendered":"https:\/\/ideareppu.fi\/?page_id=324"},"modified":"2023-06-29T13:35:07","modified_gmt":"2023-06-29T10:35:07","slug":"digitaaliset-materiaalit","status":"publish","type":"page","link":"https:\/\/ideareppu.fi\/en\/digitaaliset-materiaalit\/","title":{"rendered":"Digitaaliset materiaalit"},"content":{"rendered":"<p>[et_pb_section fb_built=&#8221;1&#8243; admin_label=&#8221;section&#8221; _builder_version=&#8221;4.16&#8243; global_colors_info=&#8221;{}&#8221;][et_pb_row _builder_version=&#8221;4.18.0&#8243; _module_preset=&#8221;default&#8221;][et_pb_column _builder_version=&#8221;4.18.0&#8243; _module_preset=&#8221;default&#8221; type=&#8221;4_4&#8243;][et_pb_text _builder_version=&#8221;4.18.0&#8243; _module_preset=&#8221;default&#8221; hover_enabled=&#8221;0&#8243; sticky_enabled=&#8221;0&#8243;]<\/p>\n<h1 style=\"text-align: center;\">Digitaaliset materiaalit<\/h1>\n<p>[\/et_pb_text][\/et_pb_column][\/et_pb_row][et_pb_row admin_label=&#8221;row&#8221; _builder_version=&#8221;4.16&#8243; background_size=&#8221;initial&#8221; background_position=&#8221;top_left&#8221; background_repeat=&#8221;repeat&#8221; global_colors_info=&#8221;{}&#8221;][et_pb_column type=&#8221;4_4&#8243; _builder_version=&#8221;4.16&#8243; custom_padding=&#8221;|||&#8221; global_colors_info=&#8221;{}&#8221; custom_padding__hover=&#8221;|||&#8221;][et_pb_text admin_label=&#8221;Text&#8221; _builder_version=&#8221;4.16&#8243; background_size=&#8221;initial&#8221; background_position=&#8221;top_left&#8221; background_repeat=&#8221;repeat&#8221; global_colors_info=&#8221;{}&#8221;]<\/p>\n<div class=\"materiaalinappi\">\n<p>Tutustu myynniss\u00e4 olevaan materiaaliimme!<\/p>\n<p>Jokaisessa kursseissa on 20-30 hyv\u00e4ntuulista toiminnallisen opetuksen ja oppimisen ideaa. Toimintavinkkien m\u00e4\u00e4r\u00e4\u00e4 lis\u00e4\u00e4v\u00e4t monissa ideoissa olivat muunteluvinkit. Voit valita ryhm\u00e4llesi vauhdikkaimmat, rauhallisimmat, hauskimmat, sopivimmat, haastavimmat, helpoimmat, erikoisimmat, mielenkiintoisimmat tai yll\u00e4tt\u00e4vimm\u00e4t toiminnat. Kurssien suorittaminen on vapaaehtoista.<\/p>\n<\/div>\n<p><strong>HUOM! <\/strong>Nyt on Mobie Academyll\u00e4 avattu Kertolaskuja 1 -kurssista yksi n\u00e4yteluku. P\u00e4\u00e4set siis kurkistamaan ilmaiseksi yhden kurssimme yhteen lukuun. Siin\u00e4 on mukana muutama keskeinen periaatteemme:<\/p>\n<ul>\n<li>Vaihtelevat oppimisymp\u00e4rist\u00f6t<\/li>\n<li>Monipuoliset v\u00e4lineet tulostettuina ja koululta, my\u00f6s kierr\u00e4tysmateriaalia<\/li>\n<li>Muunneltavat ideat toimintavan tai v\u00e4lineiden tiimoilta<\/li>\n<li>Oppilaat oppivat yhteisty\u00f6ss\u00e4 pelaten, leikkien ja liikkuen<\/li>\n<\/ul>\n<p><a href=\"https:\/\/www.mobieacademy.fi\/tuote\/matikkareppu-kertolaskuja-kurssi-1\/\">N\u00e4yteluku<\/a><\/p>\n<p>Idearepun kurssien alussa pohdimme k\u00e4yt\u00e4nn\u00f6n esimerkein erilaisisia toiminnallisuuteen liittyvi\u00e4 n\u00e4k\u00f6kohtia, muun muassa erilaisia oppimisymp\u00e4rist\u00f6j\u00e4. Saat kursseista paljon ideoita parien ja ryhmien muodostamiseen. Yhteisty\u00f6ss\u00e4 toimiminen on keskeist\u00e4 toiminnallisuudessa. Jokaiseen toimintaideaan liittyy sek\u00e4 opettajan arviointiin ett\u00e4 oppilaan itsearviointiin liittyv\u00e4 vinkki.<\/p>\n<p>Kursseihin kuuluu <strong>Materiaalitasku<\/strong>, josta voit tulostaa paljon materiaalia kurssien ideoiden sek\u00e4 omien ideoidesi toteuttamiseen. Jos laminoit ne tai p\u00e4\u00e4llyst\u00e4t kontaktimuovilla, saat runsaasti opetusty\u00f6t\u00e4si helpottavaa kest\u00e4v\u00e4\u00e4 materiaalia vuosiksi. Esimerkiksi kuvakorttien laminoiminen mahdollistaa korttien k\u00e4yt\u00f6n my\u00f6s ulkona, ne voi puhdistaa pyyhkien. T\u00e4ss\u00e4 on muutama esimerkki todella runsaasta tulostettavan materiaalin tarjonnasta. Kuvittajamme Anne Kein\u00e4sen kuvat ovat lasten keskuudessa eritt\u00e4in suosittuja.<\/p>\n<p><img loading=\"lazy\" decoding=\"async\" class=\"alignnone size-full wp-image-131\" src=\"https:\/\/ideareppu.fi\/wp-content\/uploads\/2020\/10\/jkurssit1.jpg\" alt=\"\" width=\"1280\" height=\"720\" srcset=\"https:\/\/ideareppu.fi\/wp-content\/uploads\/2020\/10\/jkurssit1.jpg 1280w, https:\/\/ideareppu.fi\/wp-content\/uploads\/2020\/10\/jkurssit1-300x169.jpg 300w, https:\/\/ideareppu.fi\/wp-content\/uploads\/2020\/10\/jkurssit1-1024x576.jpg 1024w, https:\/\/ideareppu.fi\/wp-content\/uploads\/2020\/10\/jkurssit1-768x432.jpg 768w\" sizes=\"(max-width: 1280px) 100vw, 1280px\" \/><\/p>\n<p>Kurssien, my\u00f6s julkaistujen kurssien, sis\u00e4lt\u00f6\u00e4 lis\u00e4t\u00e4\u00e4n ja p\u00e4ivitet\u00e4\u00e4n.<strong> Teht\u00e4v\u00e4taskuista <\/strong>voit tulostaa teht\u00e4vi\u00e4 oppilaiden itsen\u00e4iseen ty\u00f6skentelyyn. <strong>Taidetaskut<\/strong> tulevat sis\u00e4lt\u00e4m\u00e4\u00e4n kuvataide- tai askarteluvinkkej\u00e4, jotka sopivat kurssin teemaan. Mobie Academyn 12 kuukauden lisenssi takaa sen, ett\u00e4 ehdit tutustua rauhassa kurssien sis\u00e4lt\u00f6ihin ja toteuttaa niit\u00e4.<\/p>\n<p>Myynniss\u00e4 olevat kurssit l\u00f6ytyv\u00e4t Mobie Academyn linkin alta.<\/p>\n<p><a href=\"https:\/\/www.mobieacademy.fi\/kauppa\/\"><img loading=\"lazy\" decoding=\"async\" class=\"alignnone size-full wp-image-174\" src=\"https:\/\/ideareppu.fi\/wp-content\/uploads\/2020\/10\/Mobie-Academy-buttoni-300x59-1.jpg\" alt=\"\" width=\"300\" height=\"59\" \/><\/a><\/p>\n<div class=\"h5p-iframe-wrapper\"><\/div>\n<p>[\/et_pb_text][\/et_pb_column][\/et_pb_row][\/et_pb_section]<\/p>\n","protected":false},"excerpt":{"rendered":"<p>Digitaaliset materiaalit Tutustu myynniss\u00e4 olevaan materiaaliimme! Jokaisessa kursseissa on 20-30 hyv\u00e4ntuulista toiminnallisen opetuksen ja oppimisen ideaa. Toimintavinkkien m\u00e4\u00e4r\u00e4\u00e4 lis\u00e4\u00e4v\u00e4t monissa ideoissa olivat muunteluvinkit. Voit valita ryhm\u00e4llesi vauhdikkaimmat, rauhallisimmat, hauskimmat, sopivimmat, haastavimmat, helpoimmat, erikoisimmat, mielenkiintoisimmat tai yll\u00e4tt\u00e4vimm\u00e4t toiminnat. Kurssien suorittaminen on vapaaehtoista. HUOM! Nyt on Mobie Academyll\u00e4 avattu Kertolaskuja 1 -kurssista yksi n\u00e4yteluku. P\u00e4\u00e4set siis kurkistamaan [&hellip;]<\/p>\n","protected":false},"author":2,"featured_media":0,"parent":0,"menu_order":0,"comment_status":"closed","ping_status":"closed","template":"","meta":{"_et_pb_use_builder":"on","_et_pb_old_content":"<div class=\"materiaalinappi\">\r\n\r\nTutustu myynniss\u00e4 olevaan materiaaliimme!\r\n\r\nJokaisessa kursseissa on 20-30 hyv\u00e4ntuulista toiminnallisen opetuksen ja oppimisen ideaa. Toimintavinkkien m\u00e4\u00e4r\u00e4\u00e4 lis\u00e4\u00e4v\u00e4t monissa ideoissa olivat muunteluvinkit. Voit valita ryhm\u00e4llesi vauhdikkaimmat, rauhallisimmat, hauskimmat, sopivimmat, haastavimmat, helpoimmat, erikoisimmat, mielenkiintoisimmat tai yll\u00e4tt\u00e4vimm\u00e4t toiminnat. Kurssien suorittaminen on vapaaehtoista.\r\n\r\n<\/div>\r\n<strong>HUOM! <\/strong>Nyt on Mobie Academyll\u00e4 avattu Kertolaskuja 1 -kurssista yksi n\u00e4yteluku. P\u00e4\u00e4set siis kurkistamaan ilmaiseksi yhden kurssimme yhteen lukuun. Siin\u00e4 on mukana muutama keskeinen periaatteemme:\r\n<ul>\r\n \t<li>Vaihtelevat oppimisymp\u00e4rist\u00f6t<\/li>\r\n \t<li>Monipuoliset v\u00e4lineet tulostettuina ja koululta, my\u00f6s kierr\u00e4tysmateriaalia<\/li>\r\n \t<li>Muunneltavat ideat toimintavan tai v\u00e4lineiden tiimoilta<\/li>\r\n \t<li>Oppilaat oppivat yhteisty\u00f6ss\u00e4 pelaten, leikkien ja liikkuen<\/li>\r\n<\/ul>\r\n<a href=\"https:\/\/www.mobieacademy.fi\/tuote\/matikkareppu-kertolaskuja-kurssi-1\/\">N\u00e4yteluku<\/a>\r\n\r\nIdearepun kurssien alussa pohdimme k\u00e4yt\u00e4nn\u00f6n esimerkein erilaisisia toiminnallisuuteen liittyvi\u00e4 n\u00e4k\u00f6kohtia, muun muassa erilaisia oppimisymp\u00e4rist\u00f6j\u00e4. Saat kursseista paljon ideoita parien ja ryhmien muodostamiseen. Yhteisty\u00f6ss\u00e4 toimiminen on keskeist\u00e4 toiminnallisuudessa. Jokaiseen toimintaideaan liittyy sek\u00e4 opettajan arviointiin ett\u00e4 oppilaan itsearviointiin liittyv\u00e4 vinkki.\r\n\r\nKursseihin kuuluu <strong>Materiaalitasku<\/strong>, josta voit tulostaa paljon materiaalia kurssien ideoiden sek\u00e4 omien ideoidesi toteuttamiseen. Jos laminoit ne tai p\u00e4\u00e4llyst\u00e4t kontaktimuovilla, saat runsaasti opetusty\u00f6t\u00e4si helpottavaa kest\u00e4v\u00e4\u00e4 materiaalia vuosiksi. Esimerkiksi kuvakorttien laminoiminen mahdollistaa korttien k\u00e4yt\u00f6n my\u00f6s ulkona, ne voi puhdistaa pyyhkien. T\u00e4ss\u00e4 on muutama esimerkki todella runsaasta tulostettavan materiaalin tarjonnasta. Kuvittajamme Anne Kein\u00e4sen kuvat ovat lasten keskuudessa eritt\u00e4in suosittuja.\r\n\r\n<img class=\"alignnone size-full wp-image-131\" src=\"https:\/\/ideareppu.fi\/wp-content\/uploads\/2020\/10\/jkurssit1.jpg\" alt=\"\" width=\"1280\" height=\"720\" \/>\r\n\r\nKurssien, my\u00f6s julkaistujen kurssien, sis\u00e4lt\u00f6\u00e4 lis\u00e4t\u00e4\u00e4n ja p\u00e4ivitet\u00e4\u00e4n.<strong> Teht\u00e4v\u00e4taskuista <\/strong>voit tulostaa teht\u00e4vi\u00e4 oppilaiden itsen\u00e4iseen ty\u00f6skentelyyn. <strong>Taidetaskut<\/strong> tulevat sis\u00e4lt\u00e4m\u00e4\u00e4n kuvataide- tai askarteluvinkkej\u00e4, jotka sopivat kurssin teemaan. Mobie Academyn 12 kuukauden lisenssi takaa sen, ett\u00e4 ehdit tutustua rauhassa kurssien sis\u00e4lt\u00f6ihin ja toteuttaa niit\u00e4.\r\n\r\nMyynniss\u00e4 olevat kurssit l\u00f6ytyv\u00e4t Mobie Academyn linkin alta.\r\n\r\n<a href=\"https:\/\/www.mobieacademy.fi\/kauppa\/\"><img class=\"alignnone size-full wp-image-174\" src=\"https:\/\/ideareppu.fi\/wp-content\/uploads\/2020\/10\/Mobie-Academy-buttoni-300x59-1.jpg\" alt=\"\" width=\"300\" height=\"59\" \/><\/a>\r\n<div class=\"h5p-iframe-wrapper\"><\/div>","_et_gb_content_width":"","footnotes":""},"_links":{"self":[{"href":"https:\/\/ideareppu.fi\/en\/wp-json\/wp\/v2\/pages\/324"}],"collection":[{"href":"https:\/\/ideareppu.fi\/en\/wp-json\/wp\/v2\/pages"}],"about":[{"href":"https:\/\/ideareppu.fi\/en\/wp-json\/wp\/v2\/types\/page"}],"author":[{"embeddable":true,"href":"https:\/\/ideareppu.fi\/en\/wp-json\/wp\/v2\/users\/2"}],"replies":[{"embeddable":true,"href":"https:\/\/ideareppu.fi\/en\/wp-json\/wp\/v2\/comments?post=324"}],"version-history":[{"count":4,"href":"https:\/\/ideareppu.fi\/en\/wp-json\/wp\/v2\/pages\/324\/revisions"}],"predecessor-version":[{"id":527,"href":"https:\/\/ideareppu.fi\/en\/wp-json\/wp\/v2\/pages\/324\/revisions\/527"}],"wp:attachment":[{"href":"https:\/\/ideareppu.fi\/en\/wp-json\/wp\/v2\/media?parent=324"}],"curies":[{"name":"wp","href":"https:\/\/api.w.org\/{rel}","templated":true}]}}