{"id":330,"date":"2022-04-28T17:24:35","date_gmt":"2022-04-28T14:24:35","guid":{"rendered":"https:\/\/ideareppu.fi\/?page_id=330"},"modified":"2023-06-29T15:27:50","modified_gmt":"2023-06-29T12:27:50","slug":"tarinalliset-koulutukset","status":"publish","type":"page","link":"https:\/\/ideareppu.fi\/en\/tarinalliset-koulutukset\/","title":{"rendered":"Tarinalliset koulutukset"},"content":{"rendered":"<p>[et_pb_section fb_built=&#8221;1&#8243; admin_label=&#8221;section&#8221; _builder_version=&#8221;4.16&#8243; global_colors_info=&#8221;{}&#8221;][et_pb_row _builder_version=&#8221;4.18.0&#8243; _module_preset=&#8221;default&#8221; global_colors_info=&#8221;{}&#8221;][et_pb_column type=&#8221;4_4&#8243; _builder_version=&#8221;4.18.0&#8243; _module_preset=&#8221;default&#8221; global_colors_info=&#8221;{}&#8221;][et_pb_text _builder_version=&#8221;4.18.0&#8243; _module_preset=&#8221;default&#8221; global_colors_info=&#8221;{}&#8221;]<\/p>\n<h1 style=\"text-align: center;\">Tarinalliset koulutukset<\/h1>\n<p>[\/et_pb_text][\/et_pb_column][\/et_pb_row][et_pb_row column_structure=&#8221;1_2,1_2&#8243; admin_label=&#8221;row&#8221; _builder_version=&#8221;4.18.0&#8243; background_size=&#8221;initial&#8221; background_position=&#8221;top_left&#8221; background_repeat=&#8221;repeat&#8221; global_colors_info=&#8221;{}&#8221;][et_pb_column type=&#8221;1_2&#8243; _builder_version=&#8221;4.16&#8243; custom_padding=&#8221;|||&#8221; global_colors_info=&#8221;{}&#8221; custom_padding__hover=&#8221;|||&#8221;][et_pb_text admin_label=&#8221;Text&#8221; _builder_version=&#8221;4.18.0&#8243; background_size=&#8221;initial&#8221; background_position=&#8221;top_left&#8221; background_repeat=&#8221;repeat&#8221; hover_enabled=&#8221;0&#8243; global_colors_info=&#8221;{}&#8221; text_font_size=&#8221;18px&#8221; text_letter_spacing=&#8221;1px&#8221; text_line_height=&#8221;1.8em&#8221; sticky_enabled=&#8221;0&#8243;]<\/p>\n<div><\/div>\n<div>Tarinallisessa koulutuksessa osallistujat voivat el\u00e4yty\u00e4 juonellisessa kokonaisuudessa. Opetettava aines muodostaa tarinan. Reitin tai matkan aikana oppiainekseen liittyv\u00e4 toiminta sidotaan tiettyyn paikkaan, tapahtumaan tms.<\/div>\n<div><\/div>\n<div>Kokonaisuuden voi toteuttaa ty\u00f6ss\u00e4 ryhm\u00e4n kanssa kokonaisuudessaan tai jakaen eri oppitunneilla. Toteutus on helpompaa, kun sen on itse kokenut koulutuksessa. Toteuttamista helpottaa my\u00f6s koulutuksessa jaettu materiaali.<\/div>\n<div><\/div>\n<div>Osallistuja\u00a0 voi el\u00e4yty\u00e4 vaikkapa &#8221;Secret Forest:in&#8221; j\u00e4nnitt\u00e4v\u00e4\u00e4n mets\u00e4retkeen saaden vinkkej\u00e4 varhennetun englannin opettamiseen. N\u00e4kym\u00e4tt\u00f6m\u00e4ll\u00e4 kanootilla ja askarrellulla melalla meloen voi tehd\u00e4 &#8221;Kanoottiretken suomen kielen maailmaan&#8221;. Tai kuinka olisi ulkomaanmatka? &#8221;Welcome to London!&#8221; vie osallistujat englannin kieleen liittyv\u00e4lle matkalle. Tarinallisista koulutuksista osallistuja voi hankkia ihan oikean repun, Idearepun, joka sis\u00e4lt\u00e4\u00e4 koulutuksen toimintaideoiden ohjeet ja v\u00e4lineit\u00e4 Reppu auki ja iloinen toiminta voi alkaa!<\/div>\n<div><\/div>\n<div><\/div>\n<p>&nbsp;<\/p>\n<p>[\/et_pb_text][\/et_pb_column][et_pb_column type=&#8221;1_2&#8243; _builder_version=&#8221;4.16&#8243; custom_padding=&#8221;|||&#8221; global_colors_info=&#8221;{}&#8221; custom_padding__hover=&#8221;|||&#8221;][\/et_pb_column][\/et_pb_row][\/et_pb_section]<\/p>\n","protected":false},"excerpt":{"rendered":"<p>Tarinalliset koulutukset Tarinallisessa koulutuksessa osallistujat voivat el\u00e4yty\u00e4 juonellisessa kokonaisuudessa. Opetettava aines muodostaa tarinan. Reitin tai matkan aikana oppiainekseen liittyv\u00e4 toiminta sidotaan tiettyyn paikkaan, tapahtumaan tms. Kokonaisuuden voi toteuttaa ty\u00f6ss\u00e4 ryhm\u00e4n kanssa kokonaisuudessaan tai jakaen eri oppitunneilla. Toteutus on helpompaa, kun sen on itse kokenut koulutuksessa. Toteuttamista helpottaa my\u00f6s koulutuksessa jaettu materiaali. Osallistuja\u00a0 voi el\u00e4yty\u00e4 vaikkapa [&hellip;]<\/p>\n","protected":false},"author":2,"featured_media":0,"parent":0,"menu_order":0,"comment_status":"closed","ping_status":"closed","template":"","meta":{"_et_pb_use_builder":"on","_et_pb_old_content":"<div><\/div>\r\n<div>Tarinallisessa koulutuksessa osallistujat voivat el\u00e4yty\u00e4. Opetettava aines muodostaa tarinan. Reitin tai matkan aikana oppiainekseen liittyv\u00e4 toiminta sidotaan tiettyyn paikkaan, tapahtumaan tms. Kokonaisuuden voi toteuttaa ty\u00f6ss\u00e4 ryhm\u00e4n kanssa kokonaisuudessaan tai jakaen eri oppitunneilla. Toteutus on helppoa, kun sen on itse kokenut koulutuksessa. Toteuttamista helpottaa my\u00f6s koulutuksessa jaettu materiaali.<\/div>\r\n<div><\/div>\r\n<div>Osallistuja\u00a0 voi el\u00e4yty\u00e4 vaikkapa \"Secret Forest:in\" j\u00e4nnitt\u00e4v\u00e4\u00e4n mets\u00e4retkeen saaden vinkkej\u00e4 varhennetun englannin opettamiseen. N\u00e4kym\u00e4tt\u00f6m\u00e4ll\u00e4 kanootilla ja askarrellulla melalla meloen voi tehd\u00e4 \"Kanoottiretken suomen kielen maailmaan\". Tai kuinka olisi ulkomaanmatka? \"Welcome to London!\" vie osallistujat englannin kieleen liittyv\u00e4lle matkalle. Tarinallisista koulutuksista osallistuja voi hankkia ihan oikean reppu, Idearepun, joka sis\u00e4lt\u00e4\u00e4 koulutuksen toimintaideoiden ohjeet ja v\u00e4lineit\u00e4 Reppu auki ja iloinen toiminta voi alkaa!<\/div>\r\n<div><\/div>\r\n<div><\/div>\r\n&nbsp;","_et_gb_content_width":"","footnotes":""},"_links":{"self":[{"href":"https:\/\/ideareppu.fi\/en\/wp-json\/wp\/v2\/pages\/330"}],"collection":[{"href":"https:\/\/ideareppu.fi\/en\/wp-json\/wp\/v2\/pages"}],"about":[{"href":"https:\/\/ideareppu.fi\/en\/wp-json\/wp\/v2\/types\/page"}],"author":[{"embeddable":true,"href":"https:\/\/ideareppu.fi\/en\/wp-json\/wp\/v2\/users\/2"}],"replies":[{"embeddable":true,"href":"https:\/\/ideareppu.fi\/en\/wp-json\/wp\/v2\/comments?post=330"}],"version-history":[{"count":9,"href":"https:\/\/ideareppu.fi\/en\/wp-json\/wp\/v2\/pages\/330\/revisions"}],"predecessor-version":[{"id":562,"href":"https:\/\/ideareppu.fi\/en\/wp-json\/wp\/v2\/pages\/330\/revisions\/562"}],"wp:attachment":[{"href":"https:\/\/ideareppu.fi\/en\/wp-json\/wp\/v2\/media?parent=330"}],"curies":[{"name":"wp","href":"https:\/\/api.w.org\/{rel}","templated":true}]}}