{"id":339,"date":"2022-04-28T17:26:29","date_gmt":"2022-04-28T14:26:29","guid":{"rendered":"https:\/\/ideareppu.fi\/?page_id=339"},"modified":"2023-07-02T19:50:09","modified_gmt":"2023-07-02T16:50:09","slug":"kanoottiretki-suomen-kielen-maailmaan","status":"publish","type":"page","link":"https:\/\/ideareppu.fi\/en\/kanoottiretki-suomen-kielen-maailmaan\/","title":{"rendered":"Kanoottiretki suomen kielen maailmaan"},"content":{"rendered":"<p>[et_pb_section fb_built=&#8221;1&#8243; admin_label=&#8221;section&#8221; _builder_version=&#8221;4.16&#8243; global_colors_info=&#8221;{}&#8221;][et_pb_row _builder_version=&#8221;4.18.0&#8243; _module_preset=&#8221;default&#8221; global_colors_info=&#8221;{}&#8221;][et_pb_column type=&#8221;4_4&#8243; _builder_version=&#8221;4.18.0&#8243; _module_preset=&#8221;default&#8221; global_colors_info=&#8221;{}&#8221;][et_pb_text _builder_version=&#8221;4.18.0&#8243; _module_preset=&#8221;default&#8221; global_colors_info=&#8221;{}&#8221;]<\/p>\n<h1 style=\"text-align: center;\">Kanoottiretki suomen kielen maailmaan<\/h1>\n<p>[\/et_pb_text][\/et_pb_column][\/et_pb_row][et_pb_row admin_label=&#8221;row&#8221; _builder_version=&#8221;4.18.0&#8243; background_size=&#8221;initial&#8221; background_position=&#8221;top_left&#8221; background_repeat=&#8221;repeat&#8221; hover_enabled=&#8221;0&#8243; global_colors_info=&#8221;{}&#8221; column_structure=&#8221;1_2,1_2&#8243; sticky_enabled=&#8221;0&#8243;][et_pb_column type=&#8221;1_2&#8243; _builder_version=&#8221;4.16&#8243; custom_padding=&#8221;|||&#8221; global_colors_info=&#8221;{}&#8221; custom_padding__hover=&#8221;|||&#8221;][et_pb_text admin_label=&#8221;Text&#8221; _builder_version=&#8221;4.18.0&#8243; background_size=&#8221;initial&#8221; background_position=&#8221;top_left&#8221; background_repeat=&#8221;repeat&#8221; hover_enabled=&#8221;0&#8243; global_colors_info=&#8221;{}&#8221; sticky_enabled=&#8221;0&#8243;]<\/p>\n<p>&nbsp;<\/p>\n<p><strong>Kuvaus:<\/strong><\/p>\n<p>Otetaan askarrellut melat k\u00e4teen, ty\u00f6nnet\u00e4\u00e4n kanootit vesille ja l\u00e4hdet\u00e4\u00e4n melomaan kohti suomen kielen maailmaa!<\/p>\n<p>Koulutuksesta osallistujat saavat ryhmilleen viemisin\u00e4 hauskoja ideoita suomen kielen kielitietoisuuteen. Tarinallisen kokonaisuuden tapahtumapaikka, j\u00e4rviluonto el\u00e4imineen, innostaa ja motivoi. Retken toimintavinkit tukevat oppikirjojen oppiainesta.<\/p>\n<p>Kanoottiretkell\u00e4 tarinallisen mielikuvitusmatkan aikana koulutettavat p\u00e4\u00e4sev\u00e4t itse toimimaan kielitietoisuuteen liittyvien teht\u00e4vien, pelien ja leikkien parissa sek\u00e4 kokemaan kokonaisuuden. Kanoottiretken ohjelma sopii esikoulun- ja luokanopettajille, erityisopettajille sek\u00e4 S2-opettajille.<\/p>\n<p><strong>Tavoitteet:<br \/><\/strong>Koulutuksen suoritettuaan osallistuja<\/p>\n<ul>\n<li>ymm\u00e4rt\u00e4\u00e4 toiminnallisen opetuksen hy\u00f6tyj\u00e4<\/li>\n<li>saa toimivia ideoita kielitietoisuuden opettamiseen toiminnallisesti<\/li>\n<li>tiet\u00e4\u00e4 keinoja tarinallisen kokonaisuuden organisointiin<\/li>\n<li>osaa soveltaa toimintaideoita omalle opetusryhm\u00e4lleen sopivaksi<\/li>\n<li>rohkaistuu luomaan tarinallisia, toiminnallisia tuokioita tai kokonaisuuksia<\/li>\n<\/ul>\n<p><strong>Sis\u00e4lt\u00f6<\/strong><strong>:<\/strong><br \/>-Toimintaideoita suomen kielen kielitietoisuuden osa-alueiden opettamiseen<br \/>-Yhteenveto koulutuksesta<\/p>\n<p><strong><br \/><\/strong><strong>Kesto:<br \/><\/strong>J\u00e4rjest\u00e4j\u00e4n toiveen mukaan 3-4 h<\/p>\n<p><strong>\u00a0<\/strong><\/p>\n<p>[\/et_pb_text][\/et_pb_column][et_pb_column type=&#8221;1_2&#8243; _builder_version=&#8221;4.16&#8243; custom_padding=&#8221;|||&#8221; global_colors_info=&#8221;{}&#8221; custom_padding__hover=&#8221;|||&#8221;][et_pb_gallery _builder_version=&#8221;4.18.0&#8243; _module_preset=&#8221;default&#8221; hover_enabled=&#8221;0&#8243; sticky_enabled=&#8221;0&#8243; gallery_ids=&#8221;572,573,574,575&#8243;][\/et_pb_gallery][\/et_pb_column][\/et_pb_row][\/et_pb_section]<\/p>\n","protected":false},"excerpt":{"rendered":"<p>Kanoottiretki suomen kielen maailmaan&nbsp; Kuvaus: Otetaan askarrellut melat k\u00e4teen, ty\u00f6nnet\u00e4\u00e4n kanootit vesille ja l\u00e4hdet\u00e4\u00e4n melomaan kohti suomen kielen maailmaa! Koulutuksesta osallistujat saavat ryhmilleen viemisin\u00e4 hauskoja ideoita suomen kielen kielitietoisuuteen. Tarinallisen kokonaisuuden tapahtumapaikka, j\u00e4rviluonto el\u00e4imineen, innostaa ja motivoi. Retken toimintavinkit tukevat oppikirjojen oppiainesta. Kanoottiretkell\u00e4 tarinallisen mielikuvitusmatkan aikana koulutettavat p\u00e4\u00e4sev\u00e4t itse toimimaan kielitietoisuuteen liittyvien teht\u00e4vien, pelien ja [&hellip;]<\/p>\n","protected":false},"author":2,"featured_media":0,"parent":0,"menu_order":0,"comment_status":"closed","ping_status":"closed","template":"","meta":{"_et_pb_use_builder":"on","_et_pb_old_content":"&nbsp;\r\n\r\n<strong>Kuvaus:<\/strong>\r\n\r\nTy\u00f6nnet\u00e4\u00e4n kanootit vesille ja l\u00e4hdet\u00e4\u00e4n melomaan kohti suomen kielen maailmaa!\r\n\r\nKoulutuksesta osallistujat saavat ryhmilleen viemisin\u00e4 hauskoja ideoita suomen kielen kielitietoisuuteen. Tarinallisen kokonaisuuden tapahtumapaikka, j\u00e4rviluonto el\u00e4imineen, innostaa ja motivoi. Retken toimintavinkit tukevat oppikirjojen\r\noppiainesta.\r\n\r\nKanoottiretkell\u00e4 tarinallisen mielikuvitusmatkan aikana koulutettavat p\u00e4\u00e4sev\u00e4t itse toimimaan kielitietoisuuteen liittyvien teht\u00e4vien, pelien ja leikkien parissa sek\u00e4 kokemaan kokonaisuuden. Kanoottiretken ohjelma sopii esikoulun- ja luokanopettajille, erityisopettajille sek\u00e4 S2-opettajille.\r\n\r\n<strong>Tavoitteet:\r\n<\/strong>Koulutuksen suoritettuaan osallistuja\r\n<ul>\r\n \t<li>ymm\u00e4rt\u00e4\u00e4 toiminnallisen opetuksen hy\u00f6tyj\u00e4<\/li>\r\n \t<li>saa toimivia ideoita kielitietoisuuden opettamiseen toiminnallisesti<\/li>\r\n \t<li>tiet\u00e4\u00e4 keinoja tarinallisen kokonaisuuden organisointiin<\/li>\r\n \t<li>osaa soveltaa toimintaideoita omalle opetusryhm\u00e4lleen sopivaksi<\/li>\r\n \t<li>rohkaistuu luomaan tarinallisia, toiminnallisia tuokioita tai kokonaisuuksia<\/li>\r\n<\/ul>\r\n<strong>Sis\u00e4lt\u00f6<\/strong><strong>:<\/strong>\r\n-Toimintaideoita suomen kielen kielitietoisuuden osa-alueiden opettamiseen\r\n-Yhteenveto koulutuksesta\r\n\r\n<strong>\r\n<\/strong><strong>Kesto:\r\n<\/strong>J\u00e4rjest\u00e4j\u00e4n toiveen mukaan 3-4 h\r\n\r\n<strong>\u00a0<\/strong>","_et_gb_content_width":"","footnotes":""},"_links":{"self":[{"href":"https:\/\/ideareppu.fi\/en\/wp-json\/wp\/v2\/pages\/339"}],"collection":[{"href":"https:\/\/ideareppu.fi\/en\/wp-json\/wp\/v2\/pages"}],"about":[{"href":"https:\/\/ideareppu.fi\/en\/wp-json\/wp\/v2\/types\/page"}],"author":[{"embeddable":true,"href":"https:\/\/ideareppu.fi\/en\/wp-json\/wp\/v2\/users\/2"}],"replies":[{"embeddable":true,"href":"https:\/\/ideareppu.fi\/en\/wp-json\/wp\/v2\/comments?post=339"}],"version-history":[{"count":5,"href":"https:\/\/ideareppu.fi\/en\/wp-json\/wp\/v2\/pages\/339\/revisions"}],"predecessor-version":[{"id":576,"href":"https:\/\/ideareppu.fi\/en\/wp-json\/wp\/v2\/pages\/339\/revisions\/576"}],"wp:attachment":[{"href":"https:\/\/ideareppu.fi\/en\/wp-json\/wp\/v2\/media?parent=339"}],"curies":[{"name":"wp","href":"https:\/\/api.w.org\/{rel}","templated":true}]}}