{"id":341,"date":"2022-04-28T17:26:39","date_gmt":"2022-04-28T14:26:39","guid":{"rendered":"https:\/\/ideareppu.fi\/?page_id=341"},"modified":"2023-07-02T19:53:43","modified_gmt":"2023-07-02T16:53:43","slug":"secret-forest","status":"publish","type":"page","link":"https:\/\/ideareppu.fi\/en\/secret-forest\/","title":{"rendered":"Secret Forest"},"content":{"rendered":"<p>[et_pb_section fb_built=&#8221;1&#8243; admin_label=&#8221;section&#8221; _builder_version=&#8221;4.16&#8243; global_colors_info=&#8221;{}&#8221;][et_pb_row _builder_version=&#8221;4.18.0&#8243; _module_preset=&#8221;default&#8221; global_colors_info=&#8221;{}&#8221;][et_pb_column type=&#8221;4_4&#8243; _builder_version=&#8221;4.18.0&#8243; _module_preset=&#8221;default&#8221; global_colors_info=&#8221;{}&#8221;][et_pb_text _builder_version=&#8221;4.18.0&#8243; _module_preset=&#8221;default&#8221; global_colors_info=&#8221;{}&#8221;]<\/p>\n<h1 style=\"text-align: center;\">Secret Forest<\/h1>\n<p>[\/et_pb_text][\/et_pb_column][\/et_pb_row][et_pb_row admin_label=&#8221;row&#8221; _builder_version=&#8221;4.18.0&#8243; background_size=&#8221;initial&#8221; background_position=&#8221;top_left&#8221; background_repeat=&#8221;repeat&#8221; hover_enabled=&#8221;0&#8243; global_colors_info=&#8221;{}&#8221; column_structure=&#8221;1_2,1_2&#8243; sticky_enabled=&#8221;0&#8243;][et_pb_column type=&#8221;1_2&#8243; _builder_version=&#8221;4.16&#8243; custom_padding=&#8221;|||&#8221; global_colors_info=&#8221;{}&#8221; custom_padding__hover=&#8221;|||&#8221;][et_pb_text admin_label=&#8221;Text&#8221; _builder_version=&#8221;4.16&#8243; background_size=&#8221;initial&#8221; background_position=&#8221;top_left&#8221; background_repeat=&#8221;repeat&#8221; hover_enabled=&#8221;0&#8243; global_colors_info=&#8221;{}&#8221; sticky_enabled=&#8221;0&#8243;]&nbsp;<\/p>\n<p><strong>Kuvaus:<\/strong><br \/>\nSecret Forest on paikka, jossa voit tavata j\u00e4nnitt\u00e4vi\u00e4 lepakoita, kauniita hy\u00f6nteisi\u00e4, vekkulin harakan tai rentoutua nuotiolla.<\/p>\n<p>J\u00e4nnitt\u00e4v\u00e4 retki salaiseen mets\u00e4\u00e4n motivoi oppilaita. Tarina, el\u00e4imet ja retki karttaa apuna k\u00e4ytt\u00e4en kuljettaa mets\u00e4n siimekseen toimintapaikoille, joissa opitaan englannin kielen alkeiden eri osa-alueita. Oppilaat k\u00e4ytt\u00e4v\u00e4t sanastoa, fraaseja ja yksinkertaista keskustelua. El\u00e4ytyminen draaman keinoin syvent\u00e4\u00e4 oppimista.<\/p>\n<p>Toiminnallisuus ja draama ovat vahvasti mukana uudessa opetussuunnitelmassa. Koulutuksen ideat tukevat opetussuunnitelmaa ja opettaminen monipuolistuu. Valmiiden toimintaideoiden avulla on helpompi organisoida toiminnallisia tuokioita sek\u00e4 arvioida oppimista toiminnallisesti.<\/p>\n<p>Koulutuksen esikouluun ja 1.-4. -luokille sopivissa toimintaideoissa hy\u00f6dynnet\u00e4\u00e4n luovuutta, mielikuvitusta ja leikki\u00e4. L\u00e4hde mukaan salaiseen mets\u00e4\u00e4n!<\/p>\n<p><strong>Tavoitteet:<br \/>\n<\/strong>Koulutuksen suoritettuaan osallistuja<\/p>\n<ul>\n<li>ymm\u00e4rt\u00e4\u00e4 toiminnallisen opetuksen hy\u00f6tyj\u00e4<\/li>\n<li>saa vinkkej\u00e4 englannin kielen alkeiden opettamiseen toiminnallisesti<\/li>\n<li>tiet\u00e4\u00e4 keinoja tarinallisen kokonaisuuden organisointiin<\/li>\n<li>osaa soveltaa toimintaideoita omalle opetusryhm\u00e4lleen sopivaksi<\/li>\n<li>rohkaistuu luomaan tarinallisia, toiminnallisia tuokioita tai kokonaisuuksia<\/li>\n<\/ul>\n<p><strong>Sis\u00e4lt\u00f6<\/strong><strong>:<\/strong><br \/>\n-Toimintaideoita englannin kielen alkeiden opettamiseen tarinallisessa muodossa<br \/>\n-Yhteenveto koulutuksesta<\/p>\n<p><strong><br \/>\n<\/strong><strong>Kesto:<br \/>\n<\/strong>J\u00e4rjest\u00e4j\u00e4n toiveen mukaan 3-4 h[\/et_pb_text][\/et_pb_column][et_pb_column type=&#8221;1_2&#8243; _builder_version=&#8221;4.16&#8243; custom_padding=&#8221;|||&#8221; global_colors_info=&#8221;{}&#8221; custom_padding__hover=&#8221;|||&#8221;][et_pb_image src=&#8221;https:\/\/ideareppu.fi\/wp-content\/uploads\/2023\/07\/Sammakkolammella-scaled.jpg&#8221; _builder_version=&#8221;4.18.0&#8243; _module_preset=&#8221;default&#8221; title_text=&#8221;Sammakkolammella&#8221; hover_enabled=&#8221;0&#8243; sticky_enabled=&#8221;0&#8243;][\/et_pb_image][\/et_pb_column][\/et_pb_row][\/et_pb_section]<\/p>\n","protected":false},"excerpt":{"rendered":"<p>Secret Forest&nbsp; Kuvaus: Secret Forest on paikka, jossa voit tavata j\u00e4nnitt\u00e4vi\u00e4 lepakoita, kauniita hy\u00f6nteisi\u00e4, vekkulin harakan tai rentoutua nuotiolla. J\u00e4nnitt\u00e4v\u00e4 retki salaiseen mets\u00e4\u00e4n motivoi oppilaita. Tarina, el\u00e4imet ja retki karttaa apuna k\u00e4ytt\u00e4en kuljettaa mets\u00e4n siimekseen toimintapaikoille, joissa opitaan englannin kielen alkeiden eri osa-alueita. Oppilaat k\u00e4ytt\u00e4v\u00e4t sanastoa, fraaseja ja yksinkertaista keskustelua. El\u00e4ytyminen draaman keinoin syvent\u00e4\u00e4 oppimista. [&hellip;]<\/p>\n","protected":false},"author":2,"featured_media":0,"parent":0,"menu_order":0,"comment_status":"closed","ping_status":"closed","template":"","meta":{"_et_pb_use_builder":"on","_et_pb_old_content":"&nbsp;\r\n\r\n<strong>Kuvaus:<\/strong>\r\nSecret Forest on paikka, jossa voit tavata j\u00e4nnitt\u00e4vi\u00e4 lepakoita, kauniita hy\u00f6nteisi\u00e4, vekkulin harakan tai rentoutua nuotiolla.\r\n\r\nJ\u00e4nnitt\u00e4v\u00e4 retki salaiseen mets\u00e4\u00e4n motivoi oppilaita. Tarina, el\u00e4imet ja retki karttaa apuna k\u00e4ytt\u00e4en kuljettaa mets\u00e4n siimekseen toimintapaikoille, joissa opitaan englannin kielen alkeiden eri osa-alueita. Oppilaat k\u00e4ytt\u00e4v\u00e4t sanastoa, fraaseja ja yksinkertaista keskustelua. El\u00e4ytyminen draaman keinoin syvent\u00e4\u00e4 oppimista.\r\n\r\nToiminnallisuus ja draama ovat vahvasti mukana uudessa opetussuunnitelmassa. Koulutuksen ideat tukevat opetussuunnitelmaa ja opettaminen monipuolistuu. Valmiiden toimintaideoiden avulla on helpompi organisoida toiminnallisia tuokioita sek\u00e4 arvioida oppimista toiminnallisesti.\r\n\r\nKoulutuksen esikouluun ja 1.-4. -luokille sopivissa toimintaideoissa hy\u00f6dynnet\u00e4\u00e4n luovuutta, mielikuvitusta ja leikki\u00e4. L\u00e4hde mukaan salaiseen mets\u00e4\u00e4n!\r\n\r\n<strong>Tavoitteet:\r\n<\/strong>Koulutuksen suoritettuaan osallistuja\r\n<ul>\r\n \t<li>ymm\u00e4rt\u00e4\u00e4 toiminnallisen opetuksen hy\u00f6tyj\u00e4<\/li>\r\n \t<li>saa vinkkej\u00e4 englannin kielen alkeiden opettamiseen toiminnallisesti<\/li>\r\n \t<li>tiet\u00e4\u00e4 keinoja tarinallisen kokonaisuuden organisointiin<\/li>\r\n \t<li>osaa soveltaa toimintaideoita omalle opetusryhm\u00e4lleen sopivaksi<\/li>\r\n \t<li>rohkaistuu luomaan tarinallisia, toiminnallisia tuokioita tai kokonaisuuksia<\/li>\r\n<\/ul>\r\n<strong>Sis\u00e4lt\u00f6<\/strong><strong>:<\/strong>\r\n-Toimintaideoita englannin kielen alkeiden opettamiseen tarinallisessa muodossa\r\n-Yhteenveto koulutuksesta\r\n\r\n<strong>\r\n<\/strong><strong>Kesto:\r\n<\/strong>J\u00e4rjest\u00e4j\u00e4n toiveen mukaan 3-4 h","_et_gb_content_width":"","footnotes":""},"_links":{"self":[{"href":"https:\/\/ideareppu.fi\/en\/wp-json\/wp\/v2\/pages\/341"}],"collection":[{"href":"https:\/\/ideareppu.fi\/en\/wp-json\/wp\/v2\/pages"}],"about":[{"href":"https:\/\/ideareppu.fi\/en\/wp-json\/wp\/v2\/types\/page"}],"author":[{"embeddable":true,"href":"https:\/\/ideareppu.fi\/en\/wp-json\/wp\/v2\/users\/2"}],"replies":[{"embeddable":true,"href":"https:\/\/ideareppu.fi\/en\/wp-json\/wp\/v2\/comments?post=341"}],"version-history":[{"count":5,"href":"https:\/\/ideareppu.fi\/en\/wp-json\/wp\/v2\/pages\/341\/revisions"}],"predecessor-version":[{"id":578,"href":"https:\/\/ideareppu.fi\/en\/wp-json\/wp\/v2\/pages\/341\/revisions\/578"}],"wp:attachment":[{"href":"https:\/\/ideareppu.fi\/en\/wp-json\/wp\/v2\/media?parent=341"}],"curies":[{"name":"wp","href":"https:\/\/api.w.org\/{rel}","templated":true}]}}