{"id":343,"date":"2022-04-28T17:26:50","date_gmt":"2022-04-28T14:26:50","guid":{"rendered":"https:\/\/ideareppu.fi\/?page_id=343"},"modified":"2023-07-02T20:02:59","modified_gmt":"2023-07-02T17:02:59","slug":"welcome-to-london","status":"publish","type":"page","link":"https:\/\/ideareppu.fi\/en\/welcome-to-london\/","title":{"rendered":"Welcome to London!"},"content":{"rendered":"<p>[et_pb_section fb_built=&#8221;1&#8243; admin_label=&#8221;section&#8221; _builder_version=&#8221;4.16&#8243; global_colors_info=&#8221;{}&#8221;][et_pb_row _builder_version=&#8221;4.18.0&#8243; _module_preset=&#8221;default&#8221; global_colors_info=&#8221;{}&#8221;][et_pb_column type=&#8221;4_4&#8243; _builder_version=&#8221;4.18.0&#8243; _module_preset=&#8221;default&#8221; global_colors_info=&#8221;{}&#8221;][et_pb_text _builder_version=&#8221;4.18.0&#8243; _module_preset=&#8221;default&#8221; global_colors_info=&#8221;{}&#8221;]<\/p>\n<h1 style=\"text-align: center;\">Welcome to London!<\/h1>\n<p>[\/et_pb_text][\/et_pb_column][\/et_pb_row][et_pb_row admin_label=&#8221;row&#8221; _builder_version=&#8221;4.18.0&#8243; background_size=&#8221;initial&#8221; background_position=&#8221;top_left&#8221; background_repeat=&#8221;repeat&#8221; hover_enabled=&#8221;0&#8243; global_colors_info=&#8221;{}&#8221; column_structure=&#8221;1_2,1_2&#8243; sticky_enabled=&#8221;0&#8243;][et_pb_column type=&#8221;1_2&#8243; _builder_version=&#8221;4.16&#8243; custom_padding=&#8221;|||&#8221; global_colors_info=&#8221;{}&#8221; custom_padding__hover=&#8221;|||&#8221;][et_pb_text admin_label=&#8221;Text&#8221; _builder_version=&#8221;4.16&#8243; background_size=&#8221;initial&#8221; background_position=&#8221;top_left&#8221; background_repeat=&#8221;repeat&#8221; hover_enabled=&#8221;0&#8243; global_colors_info=&#8221;{}&#8221; sticky_enabled=&#8221;0&#8243;]&nbsp;<\/p>\n<p><strong>Kuvaus:<\/strong><br \/>\nL\u00e4hde mukaan matkalle Lontooseen! Sinua odottavat mielenkiintoiset n\u00e4ht\u00e4vyydet ja hauskat kokemukset!<\/p>\n<p>Welcome to London! -kokonaisuus alkaa matkalaukun pakkaamisella. Monien tapahtuminen j\u00e4lkeen oppilaat ovat opetelleet tai kerranneet englannin kielen sanastoa, fraaseja ja yksinkertaisia keskusteluja. El\u00e4ytyminen matkailijaksi motivoi ja draaman keinot innostavat.<\/p>\n<p>Koulutuksesta osallistujat saavat opetusryhm\u00e4lleen toimivia vinkkej\u00e4. Opettaminen monipuolistuu. Valmiiden toimintaideoiden avulla on helpompi organisoida toiminnallisia tuokioita tai toiminnallinen, tarinallinen kokonaisuus 1.-5. -luokille.<\/p>\n<p>Welcome to join our journey!<\/p>\n<p><strong>Tavoitteet:<br \/>\n<\/strong>Koulutuksen suoritettuaan osallistuja<\/p>\n<ul>\n<li>ymm\u00e4rt\u00e4\u00e4 toiminnallisen opetuksen hy\u00f6tyj\u00e4<\/li>\n<li>saa vinkkej\u00e4 englannin kielen opettamiseen toiminnallisesti<\/li>\n<li>tiet\u00e4\u00e4 keinoja tarinallisen kokonaisuuden organisointiin<\/li>\n<li>osaa soveltaa toimintaideoita omalle opetusryhm\u00e4lleen sopivaksi<\/li>\n<li>rohkaistuu luomaan tarinallisia, toiminnallisia tuokioita tai kokonaisuuksia<\/li>\n<\/ul>\n<p><strong>Sis\u00e4lt\u00f6<\/strong><strong>:<\/strong><br \/>\n-Toimintaideoita englannin kielen opettamiseen tarinallisessa muodossa<br \/>\n-Yhteenveto koulutuksesta<\/p>\n<p><strong><br \/>\n<\/strong><strong>Kesto:<br \/>\n<\/strong>J\u00e4rjest\u00e4j\u00e4n toiveen mukaan 3-5 h[\/et_pb_text][\/et_pb_column][et_pb_column type=&#8221;1_2&#8243; _builder_version=&#8221;4.16&#8243; custom_padding=&#8221;|||&#8221; global_colors_info=&#8221;{}&#8221; custom_padding__hover=&#8221;|||&#8221;][et_pb_image src=&#8221;https:\/\/ideareppu.fi\/wp-content\/uploads\/2023\/07\/20220903_141007-scaled.jpg&#8221; _builder_version=&#8221;4.18.0&#8243; _module_preset=&#8221;default&#8221; title_text=&#8221;20220903_141007&#8243; hover_enabled=&#8221;0&#8243; sticky_enabled=&#8221;0&#8243;][\/et_pb_image][\/et_pb_column][\/et_pb_row][\/et_pb_section]<\/p>\n","protected":false},"excerpt":{"rendered":"<p>Welcome to London!&nbsp; Kuvaus: L\u00e4hde mukaan matkalle Lontooseen! Sinua odottavat mielenkiintoiset n\u00e4ht\u00e4vyydet ja hauskat kokemukset! Welcome to London! -kokonaisuus alkaa matkalaukun pakkaamisella. Monien tapahtuminen j\u00e4lkeen oppilaat ovat opetelleet tai kerranneet englannin kielen sanastoa, fraaseja ja yksinkertaisia keskusteluja. El\u00e4ytyminen matkailijaksi motivoi ja draaman keinot innostavat. Koulutuksesta osallistujat saavat opetusryhm\u00e4lleen toimivia vinkkej\u00e4. Opettaminen monipuolistuu. Valmiiden toimintaideoiden avulla [&hellip;]<\/p>\n","protected":false},"author":2,"featured_media":0,"parent":0,"menu_order":0,"comment_status":"closed","ping_status":"closed","template":"","meta":{"_et_pb_use_builder":"on","_et_pb_old_content":"&nbsp;\r\n\r\n<strong>Kuvaus:<\/strong>\r\nL\u00e4hde mukaan matkalle Lontooseen! Sinua odottavat mielenkiintoiset n\u00e4ht\u00e4vyydet ja hauskat kokemukset!\r\n\r\nWelcome to London! -kokonaisuus alkaa matkalaukun pakkaamisella. Monien tapahtuminen j\u00e4lkeen oppilaat ovat opetelleet tai kerranneet englannin kielen sanastoa, fraaseja ja yksinkertaisia keskusteluja. El\u00e4ytyminen matkailijaksi motivoi ja draaman keinot innostavat.\r\n\r\nKoulutuksesta osallistujat saavat opetusryhm\u00e4lleen toimivia vinkkej\u00e4. Opettaminen monipuolistuu. Valmiiden toimintaideoiden avulla on helpompi organisoida toiminnallisia tuokioita tai toiminnallinen, tarinallinen kokonaisuus 1.-5. -luokille.\r\n\r\nWelcome to join our journey!\r\n\r\n<strong>Tavoitteet:\r\n<\/strong>Koulutuksen suoritettuaan osallistuja\r\n<ul>\r\n \t<li>ymm\u00e4rt\u00e4\u00e4 toiminnallisen opetuksen hy\u00f6tyj\u00e4<\/li>\r\n \t<li>saa vinkkej\u00e4 englannin kielen opettamiseen toiminnallisesti<\/li>\r\n \t<li>tiet\u00e4\u00e4 keinoja tarinallisen kokonaisuuden organisointiin<\/li>\r\n \t<li>osaa soveltaa toimintaideoita omalle opetusryhm\u00e4lleen sopivaksi<\/li>\r\n \t<li>rohkaistuu luomaan tarinallisia, toiminnallisia tuokioita tai kokonaisuuksia<\/li>\r\n<\/ul>\r\n<strong>Sis\u00e4lt\u00f6<\/strong><strong>:<\/strong>\r\n-Toimintaideoita englannin kielen opettamiseen tarinallisessa muodossa\r\n-Yhteenveto koulutuksesta\r\n\r\n<strong>\r\n<\/strong><strong>Kesto:\r\n<\/strong>J\u00e4rjest\u00e4j\u00e4n toiveen mukaan 3-5 h","_et_gb_content_width":"","footnotes":""},"_links":{"self":[{"href":"https:\/\/ideareppu.fi\/en\/wp-json\/wp\/v2\/pages\/343"}],"collection":[{"href":"https:\/\/ideareppu.fi\/en\/wp-json\/wp\/v2\/pages"}],"about":[{"href":"https:\/\/ideareppu.fi\/en\/wp-json\/wp\/v2\/types\/page"}],"author":[{"embeddable":true,"href":"https:\/\/ideareppu.fi\/en\/wp-json\/wp\/v2\/users\/2"}],"replies":[{"embeddable":true,"href":"https:\/\/ideareppu.fi\/en\/wp-json\/wp\/v2\/comments?post=343"}],"version-history":[{"count":5,"href":"https:\/\/ideareppu.fi\/en\/wp-json\/wp\/v2\/pages\/343\/revisions"}],"predecessor-version":[{"id":581,"href":"https:\/\/ideareppu.fi\/en\/wp-json\/wp\/v2\/pages\/343\/revisions\/581"}],"wp:attachment":[{"href":"https:\/\/ideareppu.fi\/en\/wp-json\/wp\/v2\/media?parent=343"}],"curies":[{"name":"wp","href":"https:\/\/api.w.org\/{rel}","templated":true}]}}