{"id":350,"date":"2022-04-28T17:32:27","date_gmt":"2022-04-28T14:32:27","guid":{"rendered":"https:\/\/ideareppu.fi\/?page_id=350"},"modified":"2023-07-02T20:15:59","modified_gmt":"2023-07-02T17:15:59","slug":"oppimista-ja-arviointia-toiminnallisesti","status":"publish","type":"page","link":"https:\/\/ideareppu.fi\/en\/oppimista-ja-arviointia-toiminnallisesti\/","title":{"rendered":"Kaupunkiretki &#8211; oppimista ja arviointia toiminnallisesti"},"content":{"rendered":"<p>[et_pb_section fb_built=&#8221;1&#8243; admin_label=&#8221;section&#8221; _builder_version=&#8221;4.16&#8243; global_colors_info=&#8221;{}&#8221;][et_pb_row _builder_version=&#8221;4.18.0&#8243; _module_preset=&#8221;default&#8221; global_colors_info=&#8221;{}&#8221;][et_pb_column type=&#8221;4_4&#8243; _builder_version=&#8221;4.18.0&#8243; _module_preset=&#8221;default&#8221; global_colors_info=&#8221;{}&#8221;][et_pb_text _builder_version=&#8221;4.18.0&#8243; _module_preset=&#8221;default&#8221; hover_enabled=&#8221;0&#8243; global_colors_info=&#8221;{}&#8221; sticky_enabled=&#8221;0&#8243;]<\/p>\n<h1 style=\"text-align: center;\">Kaupunkiretki &#8211; oppimista ja arviointia toiminnallisesti<\/h1>\n<p>[\/et_pb_text][\/et_pb_column][\/et_pb_row][et_pb_row admin_label=&#8221;row&#8221; _builder_version=&#8221;4.18.0&#8243; background_size=&#8221;initial&#8221; background_position=&#8221;top_left&#8221; background_repeat=&#8221;repeat&#8221; hover_enabled=&#8221;0&#8243; global_colors_info=&#8221;{}&#8221; column_structure=&#8221;1_2,1_2&#8243; sticky_enabled=&#8221;0&#8243;][et_pb_column type=&#8221;1_2&#8243; _builder_version=&#8221;4.16&#8243; custom_padding=&#8221;|||&#8221; global_colors_info=&#8221;{}&#8221; custom_padding__hover=&#8221;|||&#8221;][et_pb_text admin_label=&#8221;Text&#8221; _builder_version=&#8221;4.18.0&#8243; background_size=&#8221;initial&#8221; background_position=&#8221;top_left&#8221; background_repeat=&#8221;repeat&#8221; hover_enabled=&#8221;0&#8243; global_colors_info=&#8221;{}&#8221; sticky_enabled=&#8221;0&#8243;]<\/p>\n<p><strong>Kuvaus<\/strong><\/p>\n<p>Bussimme odottaa. Hypp\u00e4\u00e4 kyytiin kuvitteelliselle kaupunkiretkelle. Retken pys\u00e4hdyspaikoilla kokeilet toiminnallisia toimintateht\u00e4vi\u00e4 ja my\u00f6s arvioit oppimista ja oppimiskokemusta toiminnallisesti.<\/p>\n<p><strong>Kohderyhm\u00e4:<\/strong><br \/>1.-4. -luokkien opettajat, erityisopettajat ja S2-kielen opettajat<\/p>\n<p><strong>Osallistujam\u00e4\u00e4r\u00e4:<br \/><\/strong>Enint\u00e4\u00e4n 30 osallistujaa<\/p>\n<p><strong>Tavoitteet:<br \/><\/strong>Koulutuksen suoritettuaan osallistuja<\/p>\n<ul>\n<li>ymm\u00e4rt\u00e4\u00e4 toiminnallisen opetuksen ja arvioinnin hy\u00f6tyj\u00e4<\/li>\n<li>osaa hy\u00f6dynt\u00e4\u00e4 erilaisia materiaaleja ja v\u00e4lineit\u00e4 toiminnallisessa arvioinnissa<\/li>\n<li>osaa motivoida ryhm\u00e4\u00e4ns\u00e4 k\u00e4ytt\u00e4m\u00e4ll\u00e4 uusia toimintaideoita<\/li>\n<li>osaa soveltaa toiminnallisen arvioinnin vinkkej\u00e4 opetuksessaan<\/li>\n<\/ul>\n<p>Koulutuksen kesto 3-4 tuntia j\u00e4rjest\u00e4j\u00e4n toiveen mukaan.<\/p>\n<p>[\/et_pb_text][\/et_pb_column][et_pb_column type=&#8221;1_2&#8243; _builder_version=&#8221;4.16&#8243; custom_padding=&#8221;|||&#8221; global_colors_info=&#8221;{}&#8221; custom_padding__hover=&#8221;|||&#8221;][et_pb_image src=&#8221;https:\/\/ideareppu.fi\/wp-content\/uploads\/2023\/07\/20230322_151457-scaled.jpg&#8221; _builder_version=&#8221;4.18.0&#8243; _module_preset=&#8221;default&#8221; title_text=&#8221;20230322_151457&#8243; hover_enabled=&#8221;0&#8243; sticky_enabled=&#8221;0&#8243;][\/et_pb_image][\/et_pb_column][\/et_pb_row][\/et_pb_section]<\/p>\n","protected":false},"excerpt":{"rendered":"<p>Kaupunkiretki &#8211; oppimista ja arviointia toiminnallisestiKuvaus Bussimme odottaa. Hypp\u00e4\u00e4 kyytiin kuvitteelliselle kaupunkiretkelle. Retken pys\u00e4hdyspaikoilla kokeilet toiminnallisia toimintateht\u00e4vi\u00e4 ja my\u00f6s arvioit oppimista ja oppimiskokemusta toiminnallisesti. Kohderyhm\u00e4:1.-4. -luokkien opettajat, erityisopettajat ja S2-kielen opettajat Osallistujam\u00e4\u00e4r\u00e4:Enint\u00e4\u00e4n 30 osallistujaa Tavoitteet:Koulutuksen suoritettuaan osallistuja ymm\u00e4rt\u00e4\u00e4 toiminnallisen opetuksen ja arvioinnin hy\u00f6tyj\u00e4 osaa hy\u00f6dynt\u00e4\u00e4 erilaisia materiaaleja ja v\u00e4lineit\u00e4 toiminnallisessa arvioinnissa osaa motivoida ryhm\u00e4\u00e4ns\u00e4 k\u00e4ytt\u00e4m\u00e4ll\u00e4 [&hellip;]<\/p>\n","protected":false},"author":2,"featured_media":0,"parent":0,"menu_order":0,"comment_status":"closed","ping_status":"closed","template":"","meta":{"_et_pb_use_builder":"on","_et_pb_old_content":"<strong><em>OPPIMISTA JA ARVIOINTIA TOIMINNALLISESTI<\/em><\/strong>\r\n\r\n<strong>Kuvaus:<\/strong>\r\n\r\nKaipaatko ideoita toiminnalliseen opetukseen? Haluaisitko vinkkej\u00e4 oppimisen toiminnalliseen arviointiin? Tarvitsetko innostavaa materiaalia ryhm\u00e4si toimintaan?\r\n\r\nTy\u00f6pajassa osallistujat p\u00e4\u00e4sev\u00e4t tekem\u00e4\u00e4n eri oppiaineiden toiminnallisia harjoituksia. Harjoitusten j\u00e4lkeen oppimista ja oppimiskokemusta arvioidaan toiminnallisilla menetelmill\u00e4.\r\nLis\u00e4ksi valmistamme monik\u00e4ytt\u00f6isi\u00e4 materiaaleja toimintaan ja arviointiin. Niit\u00e4 voi k\u00e4ytt\u00e4\u00e4 koulussa ja teett\u00e4\u00e4 my\u00f6s oppilailla. Tule avaamaan iloisen toiminnan reppu!\r\n\r\nOsallistujat saavat ideavihkosen ja materiaalipussukan.\r\n\r\n<strong>Kohderyhm\u00e4:<\/strong>\r\n1.-4. -luokkien opettajat, erityisopettajat ja S2-kielen opettajat\r\n\r\n<strong>Osallistujam\u00e4\u00e4r\u00e4:\r\n<\/strong>Enint\u00e4\u00e4n 30 osallistujaa\r\n\r\n<strong>Tavoitteet:\r\n<\/strong>Koulutuksen suoritettuaan osallistuja\r\n<ul>\r\n \t<li>ymm\u00e4rt\u00e4\u00e4 toiminnallisen opetuksen ja arvioinnin hy\u00f6tyj\u00e4<\/li>\r\n \t<li>osaa hy\u00f6dynt\u00e4\u00e4 erilaisia materiaaleja ja v\u00e4lineit\u00e4 toiminnallisessa arvioinnissa<\/li>\r\n \t<li>osaa motivoida ryhm\u00e4\u00e4ns\u00e4 k\u00e4ytt\u00e4m\u00e4ll\u00e4 uusia toimintaideoita<\/li>\r\n \t<li>osaa soveltaa toiminnallisen arvioinnin vinkkej\u00e4 opetuksessaan<\/li>\r\n<\/ul>","_et_gb_content_width":"","footnotes":""},"_links":{"self":[{"href":"https:\/\/ideareppu.fi\/en\/wp-json\/wp\/v2\/pages\/350"}],"collection":[{"href":"https:\/\/ideareppu.fi\/en\/wp-json\/wp\/v2\/pages"}],"about":[{"href":"https:\/\/ideareppu.fi\/en\/wp-json\/wp\/v2\/types\/page"}],"author":[{"embeddable":true,"href":"https:\/\/ideareppu.fi\/en\/wp-json\/wp\/v2\/users\/2"}],"replies":[{"embeddable":true,"href":"https:\/\/ideareppu.fi\/en\/wp-json\/wp\/v2\/comments?post=350"}],"version-history":[{"count":6,"href":"https:\/\/ideareppu.fi\/en\/wp-json\/wp\/v2\/pages\/350\/revisions"}],"predecessor-version":[{"id":587,"href":"https:\/\/ideareppu.fi\/en\/wp-json\/wp\/v2\/pages\/350\/revisions\/587"}],"wp:attachment":[{"href":"https:\/\/ideareppu.fi\/en\/wp-json\/wp\/v2\/media?parent=350"}],"curies":[{"name":"wp","href":"https:\/\/api.w.org\/{rel}","templated":true}]}}