{"id":42,"date":"2020-10-07T17:18:59","date_gmt":"2020-10-07T14:18:59","guid":{"rendered":"http:\/\/proxima.nordname.net\/~ideareppu\/?page_id=42"},"modified":"2023-06-29T13:38:59","modified_gmt":"2023-06-29T10:38:59","slug":"kurssien-rakenne","status":"publish","type":"page","link":"https:\/\/ideareppu.fi\/en\/kurssien-rakenne\/","title":{"rendered":"Kurssien rakenne"},"content":{"rendered":"<p>[et_pb_section fb_built=&#8221;1&#8243; admin_label=&#8221;section&#8221; _builder_version=&#8221;4.16&#8243; global_colors_info=&#8221;{}&#8221;][et_pb_row _builder_version=&#8221;4.18.0&#8243; _module_preset=&#8221;default&#8221;][et_pb_column _builder_version=&#8221;4.18.0&#8243; _module_preset=&#8221;default&#8221; type=&#8221;4_4&#8243;][et_pb_text _builder_version=&#8221;4.18.0&#8243; _module_preset=&#8221;default&#8221; hover_enabled=&#8221;0&#8243; sticky_enabled=&#8221;0&#8243;]<\/p>\n<h1 style=\"text-align: center;\">Kurssien rakenne<\/h1>\n<p>[\/et_pb_text][\/et_pb_column][\/et_pb_row][et_pb_row admin_label=&#8221;row&#8221; _builder_version=&#8221;4.16&#8243; background_size=&#8221;initial&#8221; background_position=&#8221;top_left&#8221; background_repeat=&#8221;repeat&#8221; global_colors_info=&#8221;{}&#8221;][et_pb_column type=&#8221;4_4&#8243; _builder_version=&#8221;4.16&#8243; custom_padding=&#8221;|||&#8221; global_colors_info=&#8221;{}&#8221; custom_padding__hover=&#8221;|||&#8221;][et_pb_text admin_label=&#8221;Text&#8221; _builder_version=&#8221;4.16&#8243; background_size=&#8221;initial&#8221; background_position=&#8221;top_left&#8221; background_repeat=&#8221;repeat&#8221; global_colors_info=&#8221;{}&#8221;]<\/p>\n<div class=\"entry-content\">\n<p>Tutustu Idearepun kurssien rakenteeseen. Saat tietoa, miten kurssit on koottu ja mit\u00e4 ne sis\u00e4lt\u00e4v\u00e4t.<\/p>\n<div style=\"width: 1080px;\" class=\"wp-video\"><!--[if lt IE 9]><script>document.createElement('video');<\/script><![endif]-->\n<video class=\"wp-video-shortcode\" id=\"video-42-1\" width=\"1080\" height=\"608\" preload=\"metadata\" controls=\"controls\"><source type=\"video\/mp4\" src=\"https:\/\/ideareppu.fi\/wp-content\/uploads\/2020\/10\/Iderepun-rakenne_Keskikokoinen.mp4?_=1\" \/><a href=\"https:\/\/ideareppu.fi\/wp-content\/uploads\/2020\/10\/Iderepun-rakenne_Keskikokoinen.mp4\">https:\/\/ideareppu.fi\/wp-content\/uploads\/2020\/10\/Iderepun-rakenne_Keskikokoinen.mp4<\/a><\/video><\/div>\n<\/div>\n<div class=\"mejs-button mejs-volume-button mejs-mute\"><\/div>\n<div class=\"mejs-button mejs-fullscreen-button\"><\/div>\n<p>[\/et_pb_text][\/et_pb_column][\/et_pb_row][\/et_pb_section]<\/p>\n","protected":false},"excerpt":{"rendered":"<p>Kurssien rakenne Tutustu Idearepun kurssien rakenteeseen. Saat tietoa, miten kurssit on koottu ja mit\u00e4 ne sis\u00e4lt\u00e4v\u00e4t. <div style=\"width: 1080px;\" class=\"wp-video\"><video class=\"wp-video-shortcode\" id=\"video-42-2\" width=\"1080\" height=\"608\" preload=\"metadata\" controls=\"controls\"><source type=\"video\/mp4\" src=\"https:\/\/ideareppu.fi\/wp-content\/uploads\/2020\/10\/Iderepun-rakenne_Keskikokoinen.mp4?_=2\" \/><a href=\"https:\/\/ideareppu.fi\/wp-content\/uploads\/2020\/10\/Iderepun-rakenne_Keskikokoinen.mp4\">https:\/\/ideareppu.fi\/wp-content\/uploads\/2020\/10\/Iderepun-rakenne_Keskikokoinen.mp4<\/a><\/video><\/div><\/p>","protected":false},"author":1,"featured_media":0,"parent":0,"menu_order":0,"comment_status":"closed","ping_status":"closed","template":"","meta":{"_et_pb_use_builder":"on","_et_pb_old_content":"<div class=\"entry-content\">\r\n\r\nTutustu Idearepun kurssien rakenteeseen. Saat tietoa, miten kurssit on koottu ja mit\u00e4 ne sis\u00e4lt\u00e4v\u00e4t.\r\n\r\n[video width=\"1280\" height=\"720\" mp4=\"https:\/\/ideareppu.fi\/wp-content\/uploads\/2020\/10\/Iderepun-rakenne_Keskikokoinen.mp4\"][\/video]\r\n\r\n<\/div>\r\n<div class=\"mejs-button mejs-volume-button mejs-mute\"><\/div>\r\n<div class=\"mejs-button mejs-fullscreen-button\"><\/div>","_et_gb_content_width":"","footnotes":""},"_links":{"self":[{"href":"https:\/\/ideareppu.fi\/en\/wp-json\/wp\/v2\/pages\/42"}],"collection":[{"href":"https:\/\/ideareppu.fi\/en\/wp-json\/wp\/v2\/pages"}],"about":[{"href":"https:\/\/ideareppu.fi\/en\/wp-json\/wp\/v2\/types\/page"}],"author":[{"embeddable":true,"href":"https:\/\/ideareppu.fi\/en\/wp-json\/wp\/v2\/users\/1"}],"replies":[{"embeddable":true,"href":"https:\/\/ideareppu.fi\/en\/wp-json\/wp\/v2\/comments?post=42"}],"version-history":[{"count":6,"href":"https:\/\/ideareppu.fi\/en\/wp-json\/wp\/v2\/pages\/42\/revisions"}],"predecessor-version":[{"id":538,"href":"https:\/\/ideareppu.fi\/en\/wp-json\/wp\/v2\/pages\/42\/revisions\/538"}],"wp:attachment":[{"href":"https:\/\/ideareppu.fi\/en\/wp-json\/wp\/v2\/media?parent=42"}],"curies":[{"name":"wp","href":"https:\/\/api.w.org\/{rel}","templated":true}]}}