{"id":46,"date":"2020-10-07T17:19:53","date_gmt":"2020-10-07T14:19:53","guid":{"rendered":"http:\/\/proxima.nordname.net\/~ideareppu\/?page_id=46"},"modified":"2023-07-02T20:47:22","modified_gmt":"2023-07-02T17:47:22","slug":"idearepun-koulutuksia","status":"publish","type":"page","link":"https:\/\/ideareppu.fi\/en\/idearepun-koulutuksia\/","title":{"rendered":"Idearepun koulutuksia"},"content":{"rendered":"<p>[et_pb_section fb_built=&#8221;1&#8243; admin_label=&#8221;section&#8221; _builder_version=&#8221;4.16&#8243; global_colors_info=&#8221;{}&#8221;][et_pb_row _builder_version=&#8221;4.18.0&#8243; _module_preset=&#8221;default&#8221; global_colors_info=&#8221;{}&#8221;][et_pb_column type=&#8221;4_4&#8243; _builder_version=&#8221;4.18.0&#8243; _module_preset=&#8221;default&#8221; global_colors_info=&#8221;{}&#8221;][et_pb_text _builder_version=&#8221;4.18.0&#8243; _module_preset=&#8221;default&#8221; global_colors_info=&#8221;{}&#8221;]<\/p>\n<h1 style=\"text-align: center;\">Idearepun koulutuksia<\/h1>\n<p>[\/et_pb_text][\/et_pb_column][\/et_pb_row][et_pb_row column_structure=&#8221;1_2,1_2&#8243; _builder_version=&#8221;4.18.0&#8243; _module_preset=&#8221;default&#8221; global_colors_info=&#8221;{}&#8221;][et_pb_column type=&#8221;1_2&#8243; _builder_version=&#8221;4.18.0&#8243; _module_preset=&#8221;default&#8221; global_colors_info=&#8221;{}&#8221;][et_pb_text _builder_version=&#8221;4.18.0&#8243; _module_preset=&#8221;default&#8221; text_font_size=&#8221;17px&#8221; hover_enabled=&#8221;0&#8243; global_colors_info=&#8221;{}&#8221; sticky_enabled=&#8221;0&#8243;]<\/p>\n<div><strong>Haluatko iloita ja innostua,<\/strong><br \/><strong>touhuta ja osallistua,<\/strong><br \/><strong>soveltaa ja kokeilla,<\/strong><br \/><strong>kohdata ja jutella?<\/strong><\/div>\n<div>\n<p>&nbsp;<\/p>\n<p>Idearepun ty\u00f6pajakoulutuksissa opettajat kokevat yhteisty\u00f6n ja toiminnallisuuden riemua. Kotiin voi l\u00e4hte\u00e4 mukanaan roppakaupalla uusia ideoita oppilaiden iloksi. Mukaan saa aina toimintaideoiden ohjeet.<\/p>\n<p>Koulutuksissa huomioidaan my\u00f6s kiireett\u00f6myys. Aina on aikaa keskustelulle sek\u00e4 kokemusten ja ajatusten vaihdolle.<\/p>\n<p>Ihan oikea Ideareppu on tuotteemme, joka liittyy tarinallisiin koulutuksiin. Se sis\u00e4lt\u00e4\u00e4 koulutuksen toimintaohjeiden lis\u00e4ksi sellaisia koulutuksen v\u00e4lineit\u00e4, joita ei v\u00e4ltt\u00e4m\u00e4tt\u00e4 koulussa ole. Repun voi ostaa itse, tai koulu voi kustantaa sen.<\/p>\n<p>Kuvassa kuusamolaisia opettajia Kanottiretkell\u00e4 suomen kielen maailmaan -koulutuksen j\u00e4lkeen.<\/p>\n<\/div>\n<p>[\/et_pb_text][\/et_pb_column][et_pb_column type=&#8221;1_2&#8243; _builder_version=&#8221;4.18.0&#8243; _module_preset=&#8221;default&#8221; global_colors_info=&#8221;{}&#8221;][et_pb_image src=&#8221;https:\/\/ideareppu.fi\/wp-content\/uploads\/2023\/07\/20220903_115914-scaled-e1688319690129.jpg&#8221; _builder_version=&#8221;4.18.0&#8243; _module_preset=&#8221;default&#8221; title_text=&#8221;20220903_115914&#8243; hover_enabled=&#8221;0&#8243; sticky_enabled=&#8221;0&#8243;][\/et_pb_image][\/et_pb_column][\/et_pb_row][et_pb_row column_structure=&#8221;1_2,1_2&#8243; _builder_version=&#8221;4.18.0&#8243; _module_preset=&#8221;default&#8221; global_colors_info=&#8221;{}&#8221;][et_pb_column type=&#8221;1_2&#8243; _builder_version=&#8221;4.18.0&#8243; _module_preset=&#8221;default&#8221; global_colors_info=&#8221;{}&#8221;][et_pb_text admin_label=&#8221;Text&#8221; _builder_version=&#8221;4.18.0&#8243; background_size=&#8221;initial&#8221; background_position=&#8221;top_left&#8221; background_repeat=&#8221;repeat&#8221; hover_enabled=&#8221;0&#8243; global_colors_info=&#8221;{}&#8221; sticky_enabled=&#8221;0&#8243; text_font_size=&#8221;18px&#8221; text_letter_spacing=&#8221;1px&#8221;]<\/p>\n<div><em><strong>Seuraa kotisivuamme ja sosiaalista mediaamme, kerromme uusista koulutuksista niiden valmistuttua.<\/strong><\/em><\/div>\n<div><\/div>\n<div><em><strong>Lis\u00e4tietoa voi tiedustella s\u00e4hk\u00f6postilla info@ideareppu.fi<\/strong><\/em><\/div>\n<div><\/div>\n<div><\/div>\n<div><\/div>\n<div><\/div>\n<div><\/div>\n<div><\/div>\n<p>[\/et_pb_text][\/et_pb_column][et_pb_column type=&#8221;1_2&#8243; _builder_version=&#8221;4.18.0&#8243; _module_preset=&#8221;default&#8221; global_colors_info=&#8221;{}&#8221;][et_pb_video src=&#8221;https:\/\/www.youtube.com\/watch?v=wO-8GEZVwCo&#038;source_ve_path=MjM4NTE&#038;feature=emb_title&#8221; _builder_version=&#8221;4.18.0&#8243; _module_preset=&#8221;default&#8221; global_colors_info=&#8221;{}&#8221;][\/et_pb_video][\/et_pb_column][\/et_pb_row][\/et_pb_section]<\/p>\n","protected":false},"excerpt":{"rendered":"<p>Idearepun koulutuksiaHaluatko iloita ja innostua,touhuta ja osallistua,soveltaa ja kokeilla,kohdata ja jutella? &nbsp; Idearepun ty\u00f6pajakoulutuksissa opettajat kokevat yhteisty\u00f6n ja toiminnallisuuden riemua. Kotiin voi l\u00e4hte\u00e4 mukanaan roppakaupalla uusia ideoita oppilaiden iloksi. Mukaan saa aina toimintaideoiden ohjeet. Koulutuksissa huomioidaan my\u00f6s kiireett\u00f6myys. Aina on aikaa keskustelulle sek\u00e4 kokemusten ja ajatusten vaihdolle. Ihan oikea Ideareppu on tuotteemme, joka liittyy tarinallisiin [&hellip;]<\/p>\n","protected":false},"author":1,"featured_media":0,"parent":0,"menu_order":0,"comment_status":"closed","ping_status":"closed","template":"","meta":{"_et_pb_use_builder":"on","_et_pb_old_content":"<div class=\"entry-content\"><img class=\"aligncenter wp-image-255 size-large\" src=\"https:\/\/ideareppu.fi\/wp-content\/uploads\/2021\/10\/20200915_102407-609x1024.jpg\" alt=\"\" width=\"609\" height=\"1024\" \/><\/div>\r\n<div class=\"kuvat-mobiilissa\"><\/div>\r\n<div><\/div>\r\n<div>Haluatko iloita ja innostua,\r\ntouhuta ja osallistua,\r\nsoveltaa ja kokeilla,\r\nkohdata ja jutella?<\/div>\r\n<div>\r\n\r\n&nbsp;\r\n\r\nIdearepun ty\u00f6pajakoulutuksissa opettajat kokevat yhteisty\u00f6n ja toiminnallisuuden riemua. Kotiin voi l\u00e4hte\u00e4 mukanaan roppakaupalla uusia ideoita oppilaiden iloksi. Mukaan saa aina toimintaideoiden ohjeet. J\u00e4rjest\u00e4j\u00e4n kanssa voi sopia my\u00f6s muusta jaettavasta materiaalista, esimerkiksi tarinallisten koulutusten oikeasta Idearepusta.\r\nKoulutuksissa huomioidaan my\u00f6s kiireett\u00f6myys. Aina on aikaa keskustelulle sek\u00e4 kokemusten ja ajatusten vaihdolle.\r\n\r\n<\/div>\r\n<h3><\/h3>\r\n<div><\/div>\r\n<div>\r\n\r\n[embed]https:\/\/www.youtube.com\/watch?v=wO-8GEZVwCo&feature=youtu.be[\/embed]\r\n\r\n<\/div>\r\n<div><\/div>\r\n<div>\r\n<div><\/div>\r\n<\/div>\r\n<div>Syyslukukauden koulutukset ovat t\u00e4ss\u00e4:<\/div>\r\n<div><\/div>\r\n<div><img class=\"alignnone size-large wp-image-451\" src=\"https:\/\/ideareppu.fi\/wp-content\/uploads\/2022\/05\/Koulutuskalenteri-kuva-1024x576.jpg\" alt=\"\" width=\"1024\" height=\"576\" \/><\/div>\r\n<div><\/div>\r\n<div><\/div>\r\n<div>Seuraa kotisivuamme ja sosiaalista mediaamme, kerromme uusista koulutuksista niiden valmistuttua.<\/div>\r\n<div><\/div>\r\n<div>Lis\u00e4tietoa voi tiedustella s\u00e4hk\u00f6postilla info@ideareppu.fi<\/div>\r\n<div><\/div>\r\n<div><\/div>\r\n<div><\/div>\r\n<div><\/div>\r\n<div><\/div>\r\n<div><\/div>","_et_gb_content_width":"","footnotes":""},"_links":{"self":[{"href":"https:\/\/ideareppu.fi\/en\/wp-json\/wp\/v2\/pages\/46"}],"collection":[{"href":"https:\/\/ideareppu.fi\/en\/wp-json\/wp\/v2\/pages"}],"about":[{"href":"https:\/\/ideareppu.fi\/en\/wp-json\/wp\/v2\/types\/page"}],"author":[{"embeddable":true,"href":"https:\/\/ideareppu.fi\/en\/wp-json\/wp\/v2\/users\/1"}],"replies":[{"embeddable":true,"href":"https:\/\/ideareppu.fi\/en\/wp-json\/wp\/v2\/comments?post=46"}],"version-history":[{"count":38,"href":"https:\/\/ideareppu.fi\/en\/wp-json\/wp\/v2\/pages\/46\/revisions"}],"predecessor-version":[{"id":594,"href":"https:\/\/ideareppu.fi\/en\/wp-json\/wp\/v2\/pages\/46\/revisions\/594"}],"wp:attachment":[{"href":"https:\/\/ideareppu.fi\/en\/wp-json\/wp\/v2\/media?parent=46"}],"curies":[{"name":"wp","href":"https:\/\/api.w.org\/{rel}","templated":true}]}}