{"id":48,"date":"2020-10-07T17:20:24","date_gmt":"2020-10-07T14:20:24","guid":{"rendered":"http:\/\/proxima.nordname.net\/~ideareppu\/?page_id=48"},"modified":"2023-12-14T18:59:49","modified_gmt":"2023-12-14T16:59:49","slug":"iloa-ideoista","status":"publish","type":"page","link":"https:\/\/ideareppu.fi\/en\/iloa-ideoista\/","title":{"rendered":"Iloa ideoista"},"content":{"rendered":"<p>[et_pb_section fb_built=&#8221;1&#8243; admin_label=&#8221;section&#8221; _builder_version=&#8221;4.16&#8243; global_colors_info=&#8221;{}&#8221;][et_pb_row _builder_version=&#8221;4.18.0&#8243; _module_preset=&#8221;default&#8221; global_colors_info=&#8221;{}&#8221;][et_pb_column type=&#8221;4_4&#8243; _builder_version=&#8221;4.18.0&#8243; _module_preset=&#8221;default&#8221; global_colors_info=&#8221;{}&#8221;][et_pb_text _builder_version=&#8221;4.18.0&#8243; _module_preset=&#8221;default&#8221; global_colors_info=&#8221;{}&#8221;]<\/p>\n<h1 style=\"text-align: center;\">Iloa ideoista<\/h1>\n<p>[\/et_pb_text][\/et_pb_column][\/et_pb_row][et_pb_row admin_label=&#8221;row&#8221; _builder_version=&#8221;4.16&#8243; background_size=&#8221;initial&#8221; background_position=&#8221;top_left&#8221; background_repeat=&#8221;repeat&#8221; global_colors_info=&#8221;{}&#8221;][et_pb_column type=&#8221;4_4&#8243; _builder_version=&#8221;4.16&#8243; custom_padding=&#8221;|||&#8221; global_colors_info=&#8221;{}&#8221; custom_padding__hover=&#8221;|||&#8221;][et_pb_text admin_label=&#8221;Text&#8221; _builder_version=&#8221;4.16&#8243; background_size=&#8221;initial&#8221; background_position=&#8221;top_left&#8221; background_repeat=&#8221;repeat&#8221; global_colors_info=&#8221;{}&#8221;]<\/p>\n<div class=\"entry-content\"><\/div>\n<div class=\"entry-content\"><\/div>\n<div class=\"entry-content\">\n<div class=\"wp-video\">\n<div style=\"width: 1080px;\" class=\"wp-video\"><!--[if lt IE 9]><script>document.createElement('video');<\/script><![endif]-->\n<video class=\"wp-video-shortcode\" id=\"video-48-1\" width=\"1080\" height=\"608\" preload=\"metadata\" controls=\"controls\"><source type=\"video\/mp4\" src=\"https:\/\/ideareppu.fi\/wp-content\/uploads\/2020\/10\/20191125_101045.mp4?_=1\" \/><a href=\"https:\/\/ideareppu.fi\/wp-content\/uploads\/2020\/10\/20191125_101045.mp4\">https:\/\/ideareppu.fi\/wp-content\/uploads\/2020\/10\/20191125_101045.mp4<\/a><\/video><\/div>\n<\/div>\n<\/div>\n<div class=\"mejs-button mejs-fullscreen-button\"><\/div>\n<p>&nbsp;<\/p>\n<p>Kokoamme sivulle materiaalia toiminnallisiin tuokioihin. Niit\u00e4 on helppo toteuttaa koulup\u00e4iv\u00e4n aikana. Lis\u00e4\u00e4 ideoita l\u00f6ytyy runsaasti kursseista, jotka ovat myynniss\u00e4 mobieacademy.fi verkkokaupassa. Jaamme ideoita my\u00f6s sosiaalisessa mediassa. Ideareppua voi seurata Facebookissa ja Instagramissa.<\/p>\n<ul>\n<li>Ideareppukin iloitsee yst\u00e4vyydest\u00e4!<\/li>\n<\/ul>\n<p>T\u00e4st\u00e4 voit tulostaa valmiit syd\u00e4met Yst\u00e4vyyden avaimet -toimintaan. Jos sinulla ei ole oikeita avaimia, voit tulostaa my\u00f6s avainten kuvia. Oppilaat voivat tehd\u00e4 niit\u00e4 my\u00f6s itse. Kiinnit\u00e4 avaimia, joissa on syd\u00e4n ja keskustelunaihe, koulun ovenkahvoihin. Oppilaat kiert\u00e4v\u00e4t pareittain tai ryhmiss\u00e4 keskustelemassa yst\u00e4vyydest\u00e4.<\/p>\n<p><a href=\"https:\/\/ideareppu.fi\/wp-content\/uploads\/2020\/10\/Ystavyyden-avainten-sydamet-1.pdf\">Yst\u00e4vyyden avainten syd\u00e4met<\/a><\/p>\n<p><a href=\"https:\/\/ideareppu.fi\/wp-content\/uploads\/2020\/10\/Avaimia.pdf\">Avaimia<\/a><\/p>\n<p><img loading=\"lazy\" decoding=\"async\" class=\"alignnone wp-image-133\" src=\"https:\/\/ideareppu.fi\/wp-content\/uploads\/2020\/10\/11-scaled.jpg\" alt=\"\" width=\"467\" height=\"961\" srcset=\"https:\/\/ideareppu.fi\/wp-content\/uploads\/2020\/10\/11-scaled.jpg 1244w, https:\/\/ideareppu.fi\/wp-content\/uploads\/2020\/10\/11-146x300.jpg 146w, https:\/\/ideareppu.fi\/wp-content\/uploads\/2020\/10\/11-498x1024.jpg 498w, https:\/\/ideareppu.fi\/wp-content\/uploads\/2020\/10\/11-768x1580.jpg 768w, https:\/\/ideareppu.fi\/wp-content\/uploads\/2020\/10\/11-747x1536.jpg 747w, https:\/\/ideareppu.fi\/wp-content\/uploads\/2020\/10\/11-996x2048.jpg 996w\" sizes=\"(max-width: 467px) 100vw, 467px\" \/><\/p>\n<ul>\n<li>Korona-viruksen my\u00f6t\u00e4 kertasimme open loruleikill\u00e4 hygieniaa. Video l\u00f6ytyy Idearepun Instagramista.<\/li>\n<\/ul>\n<p><a href=\"https:\/\/ideareppu.fi\/wp-content\/uploads\/2020\/10\/Popot-pois.pdf\">P\u00f6p\u00f6t pois!<\/a><\/p>\n<p>&nbsp;<\/p>\n<ul>\n<li>Iloa vitseist\u00e4 koteihin et\u00e4opetuksen aikana.<\/li>\n<\/ul>\n<p><a href=\"https:\/\/ideareppu.fi\/wp-content\/uploads\/2020\/10\/Vitsit-ja-qr-koodit-vastauksina.pdf\">Vitsej\u00e4 ja vastaukset qr-koodeina<\/a><\/p>\n<p>&nbsp;<\/p>\n<ul>\n<li>Et\u00e4teht\u00e4v\u00e4ksikin sopiva \u00e4ng-\u00e4\u00e4nneteht\u00e4v\u00e4. Ohjeena oppilaille oli pomppia ruohotupsulta toiselle, lukea molemmat sanat \u00e4\u00e4neen ja kirjoittaa oikea sana vihkoon.<\/li>\n<\/ul>\n<p><a href=\"https:\/\/ideareppu.fi\/wp-content\/uploads\/2020\/10\/Kenguru-aitinsa-luo.pdf\">Auta kengurunpoikanen \u00e4itins\u00e4 luo<\/a><\/p>\n<p>&nbsp;<\/p>\n<ul>\n<li>Videolla etsit\u00e4\u00e4n yhdyssanoja lintujen kanssa.<\/li>\n<\/ul>\n<div class=\"wp-video\">\n<div style=\"width: 1080px;\" class=\"wp-video\"><video class=\"wp-video-shortcode\" id=\"video-48-2\" width=\"1080\" height=\"608\" preload=\"metadata\" controls=\"controls\"><source type=\"video\/mp4\" src=\"https:\/\/ideareppu.fi\/wp-content\/uploads\/2020\/10\/20200421_201106.mp4?_=2\" \/><a href=\"https:\/\/ideareppu.fi\/wp-content\/uploads\/2020\/10\/20200421_201106.mp4\">https:\/\/ideareppu.fi\/wp-content\/uploads\/2020\/10\/20200421_201106.mp4<\/a><\/video><\/div>\n<\/div>\n<div class=\"mejs-button mejs-volume-button mejs-mute\"><\/div>\n<ul>\n<li>Johtolause ja vuorosanaviiva<\/li>\n<\/ul>\n<p>K\u00e4ytt\u00e4m\u00e4mme lukukirja opastaa 2.luokalla johtolauseen ja vuorosanaviivan k\u00e4ytt\u00f6\u00f6n. Teimme tulostettavia kortteja. Oppilaat voivat yhdist\u00e4\u00e4 niit\u00e4 pareittain tai ryhmiss\u00e4. Voit antaa oppilaille eriytt\u00e4en enemm\u00e4n tai v\u00e4hemm\u00e4n yhdistelt\u00e4vi\u00e4 kortteja. Lukuteht\u00e4v\u00e4\u00e4n voi yhdist\u00e4\u00e4 my\u00f6s kirjoittamista. Kun kortit on yhdistetty oikein, oppilaat voivat sanella niit\u00e4 toisilleen.<\/p>\n<p><a href=\"https:\/\/ideareppu.fi\/wp-content\/uploads\/2020\/10\/Vuorosana.pdf\" target=\"_blank\" rel=\"noopener noreferrer\">Vuorosanaviiva<\/a><\/p>\n<p>&nbsp;<\/p>\n<ul>\n<li>Piirr\u00e4 taululle kuusi ja kiinnit\u00e4 siihen joulupallot. Niiss\u00e4 on yhdyssanojen loppuosia. Alkuosa on aina sana &#8221;joulu&#8221;. Oppilas hakee pallon kuusesta ja kirjoittaa vihkoonsa esimerkiksi &#8221;joulurauha&#8221;. Sitten oppilas palauttaa pallon kuuseen.<\/li>\n<\/ul>\n<p><a href=\"https:\/\/ideareppu.fi\/wp-content\/uploads\/2020\/12\/Kuusen-joulupallot-yhdyssanojen-loppuosat.pdf\" target=\"_blank\" rel=\"noopener noreferrer\">Joulupalloista yhdyssanoiksi<\/a><\/p>\n<p>&nbsp;<\/p>\n<ul>\n<li>Tulosta meid\u00e4n ja kuvittajamme joulutervehdys, v\u00e4rityskuva.<\/li>\n<\/ul>\n<p><a href=\"https:\/\/ideareppu.fi\/wp-content\/uploads\/2020\/12\/Joulu-2020-varitys.pdf\" target=\"_blank\" rel=\"noopener noreferrer\">Jouluiloa!<\/a><\/p>\n<p>&nbsp;<\/p>\n<ul>\n<li>Linkist\u00e4 voit tulostaa oppilaille teht\u00e4vi\u00e4 hiihtolenkin varrelle.<\/li>\n<\/ul>\n<p><a href=\"https:\/\/ideareppu.fi\/wp-content\/uploads\/2021\/01\/Hiihtolenkille-tehtavia-31.1.2021.pdf\" target=\"_blank\" rel=\"noopener noreferrer\">Teht\u00e4vi\u00e4 hiihtolenkille<\/a><\/p>\n<p>&nbsp;<\/p>\n<ul>\n<li>Entisen kuvittajamme Ida Kosusen herk\u00e4n lukuj\u00e4rjestyksen my\u00f6t\u00e4 iloa uuteen lukuvuoteen!<\/li>\n<\/ul>\n<p><a href=\"https:\/\/ideareppu.fi\/wp-content\/uploads\/2021\/08\/Lukujarjestys-Ideareppu.pdf\">Lukuj\u00e4rjestys Ideareppu<\/a><\/p>\n<p>&nbsp;<\/p>\n<ul>\n<li>Eris- ja yleisnimikierroksella voit laittaa k\u00e4yt\u00e4v\u00e4\u00e4n, luokkaan tai ulos aiheita, joita voit tulostaa linkist\u00e4. Oppilaat kiert\u00e4v\u00e4t ja kirjoittavat jokaisesta aiheesta 3-5 sanaa oikein, pohtien, onko alussa iso vai pieni alkukirjain.<\/li>\n<\/ul>\n<p><a href=\"https:\/\/ideareppu.fi\/wp-content\/uploads\/2022\/02\/Eris-ja-yleisnimikierros.pdf\" target=\"_blank\" rel=\"noopener noreferrer\">Eris- ja yleisnimikierros<\/a><\/p>\n<p>&nbsp;<\/p>\n<ul>\n<li>Koulu alkaa ja kes\u00e4muistoja voi koota vaikkapa pulleisiin pilviin. Paperin voi halutessaan suurentaa.<\/li>\n<\/ul>\n<p><a href=\"https:\/\/ideareppu.fi\/wp-content\/uploads\/2022\/07\/Kesapuuhia.pdf\">Kes\u00e4puuhia<\/a><\/p>\n<p>&nbsp;<\/p>\n<ul>\n<li>Joulu on taas! Voit tulostaa v\u00e4ritysteht\u00e4v\u00e4n ryhm\u00e4llesi. Tontut koristelevat luokkaa joulutunnelmaan.<\/li>\n<\/ul>\n<p><a href=\"https:\/\/ideareppu.fi\/wp-content\/uploads\/2022\/12\/Jouluvarityskuva2022.pdf\" target=\"_blank\" rel=\"noopener noreferrer\">Jouluv\u00e4rityskuva &#8221;Joulua luokkaan&#8221;<\/a><\/p>\n<p>[\/et_pb_text][\/et_pb_column][\/et_pb_row][et_pb_row _builder_version=&#8221;4.18.0&#8243; _module_preset=&#8221;default&#8221; global_colors_info=&#8221;{}&#8221;][et_pb_column type=&#8221;4_4&#8243; _builder_version=&#8221;4.18.0&#8243; _module_preset=&#8221;default&#8221; global_colors_info=&#8221;{}&#8221;][et_pb_text _builder_version=&#8221;4.18.0&#8243; _module_preset=&#8221;default&#8221; global_colors_info=&#8221;{}&#8221;]<\/p>\n<p>* Kes\u00e4lomaa voi muistella esimerkiksi laittamalla sis\u00e4lle tai ulos lomaan liittyvi\u00e4 keskustelukortteja. Niit\u00e4 voit tulosta linkist\u00e4.<\/p>\n<p><a href=\"https:\/\/ideareppu.fi\/wp-content\/uploads\/2023\/08\/KESAMUISTOJA.pdf\">Kes\u00e4lomasta keskustelua<\/a><\/p>\n<p>* Rauhoittavaa puuhaa joulun odotukseen, tulosta <a href=\"https:\/\/ideareppu.fi\/wp-content\/uploads\/2023\/12\/varitys23.pdf\">v\u00e4ritysteht\u00e4v\u00e4.<\/a><\/p>\n<p>&nbsp;<\/p>\n<p>[\/et_pb_text][\/et_pb_column][\/et_pb_row][\/et_pb_section]<\/p>\n","protected":false},"excerpt":{"rendered":"<p>Iloa ideoista <div style=\"width: 1080px;\" class=\"wp-video\"><video class=\"wp-video-shortcode\" id=\"video-48-3\" width=\"1080\" height=\"608\" preload=\"metadata\" controls=\"controls\"><source type=\"video\/mp4\" src=\"https:\/\/ideareppu.fi\/wp-content\/uploads\/2020\/10\/20191125_101045.mp4?_=3\" \/><a href=\"https:\/\/ideareppu.fi\/wp-content\/uploads\/2020\/10\/20191125_101045.mp4\">https:\/\/ideareppu.fi\/wp-content\/uploads\/2020\/10\/20191125_101045.mp4<\/a><\/video><\/div> &nbsp; Kokoamme sivulle materiaalia toiminnallisiin tuokioihin. Niit\u00e4 on helppo toteuttaa koulup\u00e4iv\u00e4n aikana. Lis\u00e4\u00e4 ideoita l\u00f6ytyy runsaasti kursseista, jotka ovat myynniss\u00e4 mobieacademy.fi verkkokaupassa. Jaamme ideoita my\u00f6s sosiaalisessa mediassa. Ideareppua voi seurata Facebookissa ja Instagramissa. Ideareppukin iloitsee yst\u00e4vyydest\u00e4! T\u00e4st\u00e4 voit tulostaa valmiit syd\u00e4met Yst\u00e4vyyden avaimet -toimintaan. Jos sinulla ei ole oikeita [&hellip;]<\/p>\n","protected":false},"author":1,"featured_media":0,"parent":0,"menu_order":0,"comment_status":"closed","ping_status":"closed","template":"","meta":{"_et_pb_use_builder":"on","_et_pb_old_content":"<div class=\"entry-content\">\r\n<div class=\"wp-video\">\r\n\r\n[video width=\"1920\" height=\"1080\" mp4=\"https:\/\/ideareppu.fi\/wp-content\/uploads\/2020\/10\/20191125_101045.mp4\"][\/video]\r\n\r\n<\/div>\r\n<\/div>\r\n<div class=\"mejs-button mejs-fullscreen-button\"><\/div>\r\n&nbsp;\r\n\r\nKokoamme sivulle materiaalia toiminnallisiin tuokioihin. Niit\u00e4 on helppo toteuttaa koulup\u00e4iv\u00e4n aikana. Lis\u00e4\u00e4 ideoita l\u00f6ytyy runsaasti kursseista, jotka ovat myynniss\u00e4 mobieacademy.fi verkkokaupassa. Jaamme ideoita my\u00f6s sosiaalisessa mediassa. Ideareppua voi seurata Facebookissa ja Instagramissa.\r\n<ul>\r\n \t<li>Ideareppukin iloitsee yst\u00e4vyydest\u00e4!<\/li>\r\n<\/ul>\r\nT\u00e4st\u00e4 voit tulostaa valmiit syd\u00e4met Yst\u00e4vyyden avaimet -toimintaan. Jos sinulla ei ole oikeita avaimia, voit tulostaa my\u00f6s avainten kuvia. Oppilaat voivat tehd\u00e4 niit\u00e4 my\u00f6s itse. Kiinnit\u00e4 avaimia, joissa on syd\u00e4n ja keskustelunaihe, koulun ovenkahvoihin. Oppilaat kiert\u00e4v\u00e4t pareittain tai ryhmiss\u00e4 keskustelemassa yst\u00e4vyydest\u00e4.\r\n\r\n<a href=\"https:\/\/ideareppu.fi\/wp-content\/uploads\/2020\/10\/Ystavyyden-avainten-sydamet-1.pdf\">Yst\u00e4vyyden avainten syd\u00e4met<\/a>\r\n\r\n<a href=\"https:\/\/ideareppu.fi\/wp-content\/uploads\/2020\/10\/Avaimia.pdf\">Avaimia<\/a>\r\n\r\n<img class=\"alignnone wp-image-133\" src=\"https:\/\/ideareppu.fi\/wp-content\/uploads\/2020\/10\/11-scaled.jpg\" alt=\"\" width=\"467\" height=\"961\" \/>\r\n<ul>\r\n \t<li>Korona-viruksen my\u00f6t\u00e4 kertasimme open loruleikill\u00e4 hygieniaa. Video l\u00f6ytyy Idearepun Instagramista.<\/li>\r\n<\/ul>\r\n<a href=\"https:\/\/ideareppu.fi\/wp-content\/uploads\/2020\/10\/Popot-pois.pdf\">P\u00f6p\u00f6t pois!<\/a>\r\n\r\n&nbsp;\r\n<ul>\r\n \t<li>Iloa vitseist\u00e4 koteihin et\u00e4opetuksen aikana.<\/li>\r\n<\/ul>\r\n<a href=\"https:\/\/ideareppu.fi\/wp-content\/uploads\/2020\/10\/Vitsit-ja-qr-koodit-vastauksina.pdf\">Vitsej\u00e4 ja vastaukset qr-koodeina<\/a>\r\n\r\n&nbsp;\r\n<ul>\r\n \t<li>Et\u00e4teht\u00e4v\u00e4ksikin sopiva \u00e4ng-\u00e4\u00e4nneteht\u00e4v\u00e4. Ohjeena oppilaille oli pomppia ruohotupsulta toiselle, lukea molemmat sanat \u00e4\u00e4neen ja kirjoittaa oikea sana vihkoon.<\/li>\r\n<\/ul>\r\n<a href=\"https:\/\/ideareppu.fi\/wp-content\/uploads\/2020\/10\/Kenguru-aitinsa-luo.pdf\">Auta kengurunpoikanen \u00e4itins\u00e4 luo<\/a>\r\n\r\n&nbsp;\r\n<ul>\r\n \t<li>Videolla etsit\u00e4\u00e4n yhdyssanoja lintujen kanssa.<\/li>\r\n<\/ul>\r\n<div class=\"wp-video\">\r\n\r\n[video width=\"1920\" height=\"1080\" mp4=\"https:\/\/ideareppu.fi\/wp-content\/uploads\/2020\/10\/20200421_201106.mp4\"][\/video]\r\n\r\n<\/div>\r\n<div class=\"mejs-button mejs-volume-button mejs-mute\"><\/div>\r\n<ul>\r\n \t<li>Johtolause ja vuorosanaviiva<\/li>\r\n<\/ul>\r\nK\u00e4ytt\u00e4m\u00e4mme lukukirja opastaa 2.luokalla johtolauseen ja vuorosanaviivan k\u00e4ytt\u00f6\u00f6n. Teimme tulostettavia kortteja. Oppilaat voivat yhdist\u00e4\u00e4 niit\u00e4 pareittain tai ryhmiss\u00e4. Voit antaa oppilaille eriytt\u00e4en enemm\u00e4n tai v\u00e4hemm\u00e4n yhdistelt\u00e4vi\u00e4 kortteja. Lukuteht\u00e4v\u00e4\u00e4n voi yhdist\u00e4\u00e4 my\u00f6s kirjoittamista. Kun kortit on yhdistetty oikein, oppilaat voivat sanella niit\u00e4 toisilleen.\r\n\r\n<a href=\"https:\/\/ideareppu.fi\/wp-content\/uploads\/2020\/10\/Vuorosana.pdf\" target=\"_blank\" rel=\"noopener noreferrer\">Vuorosanaviiva<\/a>\r\n\r\n&nbsp;\r\n<ul>\r\n \t<li>Piirr\u00e4 taululle kuusi ja kiinnit\u00e4 siihen joulupallot. Niiss\u00e4 on yhdyssanojen loppuosia. Alkuosa on aina sana \"joulu\". Oppilas hakee pallon kuusesta ja kirjoittaa vihkoonsa esimerkiksi \"joulurauha\". Sitten oppilas palauttaa pallon kuuseen.<\/li>\r\n<\/ul>\r\n<a href=\"https:\/\/ideareppu.fi\/wp-content\/uploads\/2020\/12\/Kuusen-joulupallot-yhdyssanojen-loppuosat.pdf\" target=\"_blank\" rel=\"noopener noreferrer\">Joulupalloista yhdyssanoiksi<\/a>\r\n\r\n&nbsp;\r\n<ul>\r\n \t<li>Tulosta meid\u00e4n ja kuvittajamme joulutervehdys, v\u00e4rityskuva.<\/li>\r\n<\/ul>\r\n<a href=\"https:\/\/ideareppu.fi\/wp-content\/uploads\/2020\/12\/Joulu-2020-varitys.pdf\" target=\"_blank\" rel=\"noopener noreferrer\">Jouluiloa!<\/a>\r\n\r\n&nbsp;\r\n<ul>\r\n \t<li>Linkist\u00e4 voit tulostaa oppilaille teht\u00e4vi\u00e4 hiihtolenkin varrelle.<\/li>\r\n<\/ul>\r\n<a href=\"https:\/\/ideareppu.fi\/wp-content\/uploads\/2021\/01\/Hiihtolenkille-tehtavia-31.1.2021.pdf\" target=\"_blank\" rel=\"noopener noreferrer\">Teht\u00e4vi\u00e4 hiihtolenkille<\/a>\r\n\r\n&nbsp;\r\n<ul>\r\n \t<li>Entisen kuvittajamme Ida Kosusen herk\u00e4n lukuj\u00e4rjestyksen my\u00f6t\u00e4 iloa uuteen lukuvuoteen!<\/li>\r\n<\/ul>\r\n<a href=\"https:\/\/ideareppu.fi\/wp-content\/uploads\/2021\/08\/Lukujarjestys-Ideareppu.pdf\">Lukuj\u00e4rjestys Ideareppu<\/a>\r\n\r\n&nbsp;\r\n<ul>\r\n \t<li>Eris- ja yleisnimikierroksella voit laittaa k\u00e4yt\u00e4v\u00e4\u00e4n, luokkaan tai ulos aiheita, joita voit tulostaa linkist\u00e4. Oppilaat kiert\u00e4v\u00e4t ja kirjoittavat jokaisesta aiheesta 3-5 sanaa oikein, pohtien, onko alussa iso vai pieni alkukirjain.<\/li>\r\n<\/ul>\r\n<a href=\"https:\/\/ideareppu.fi\/wp-content\/uploads\/2022\/02\/Eris-ja-yleisnimikierros.pdf\" target=\"_blank\" rel=\"noopener noreferrer\">Eris- ja yleisnimikierros<\/a>\r\n\r\n&nbsp;\r\n<ul>\r\n \t<li>Koulu alkaa ja kes\u00e4muistoja voi koota vaikkapa pulleisiin pilviin. Paperin voi halutessaan suurentaa.<\/li>\r\n<\/ul>\r\n<a href=\"https:\/\/ideareppu.fi\/wp-content\/uploads\/2022\/07\/Kesapuuhia.pdf\">Kes\u00e4puuhia<\/a>\r\n\r\n&nbsp;\r\n<ul>\r\n \t<li>Joulu on taas! Voit tulostaa v\u00e4ritysteht\u00e4v\u00e4n ryhm\u00e4llesi. Tontut koristelevat luokkaa joulutunnelmaan.<\/li>\r\n<\/ul>\r\n<a href=\"https:\/\/ideareppu.fi\/wp-content\/uploads\/2022\/12\/Jouluvarityskuva2022.pdf\" target=\"_blank\" rel=\"noopener noreferrer\">Jouluv\u00e4rityskuva \"Joulua luokkaan\"<\/a>","_et_gb_content_width":"","footnotes":""},"_links":{"self":[{"href":"https:\/\/ideareppu.fi\/en\/wp-json\/wp\/v2\/pages\/48"}],"collection":[{"href":"https:\/\/ideareppu.fi\/en\/wp-json\/wp\/v2\/pages"}],"about":[{"href":"https:\/\/ideareppu.fi\/en\/wp-json\/wp\/v2\/types\/page"}],"author":[{"embeddable":true,"href":"https:\/\/ideareppu.fi\/en\/wp-json\/wp\/v2\/users\/1"}],"replies":[{"embeddable":true,"href":"https:\/\/ideareppu.fi\/en\/wp-json\/wp\/v2\/comments?post=48"}],"version-history":[{"count":30,"href":"https:\/\/ideareppu.fi\/en\/wp-json\/wp\/v2\/pages\/48\/revisions"}],"predecessor-version":[{"id":665,"href":"https:\/\/ideareppu.fi\/en\/wp-json\/wp\/v2\/pages\/48\/revisions\/665"}],"wp:attachment":[{"href":"https:\/\/ideareppu.fi\/en\/wp-json\/wp\/v2\/media?parent=48"}],"curies":[{"name":"wp","href":"https:\/\/api.w.org\/{rel}","templated":true}]}}